{"id":637,"date":"2025-03-29T14:14:35","date_gmt":"2025-03-29T14:14:35","guid":{"rendered":"https:\/\/studio-keizer.nl\/options\/"},"modified":"2025-09-21T13:54:22","modified_gmt":"2025-09-21T13:54:22","slug":"options","status":"publish","type":"page","link":"https:\/\/studio-keizer.nl\/fr\/options\/","title":{"rendered":"Options"},"content":{"rendered":"<p>[et_pb_section fb_built=\u00a0\u00bb1&Prime; _builder_version=\u00a0\u00bb4.27.4&Prime; _module_preset=\u00a0\u00bbdefault\u00a0\u00bb background_color=\u00a0\u00bbgcid-be85d942-06b5-460b-bcaf-995dfae8c055&Prime; custom_padding=\u00a0\u00bb0px||0px||false|false\u00a0\u00bb locked=\u00a0\u00bboff\u00a0\u00bb global_colors_info=\u00a0\u00bb{%22gcid-be85d942-06b5-460b-bcaf-995dfae8c055%22:%91%22background_color%22%93}\u00a0\u00bb][et_pb_row column_structure=\u00a0\u00bb1_2,1_2&Prime; use_custom_gutter=\u00a0\u00bbon\u00a0\u00bb gutter_width=\u00a0\u00bb1&Prime; make_equal=\u00a0\u00bbon\u00a0\u00bb _builder_version=\u00a0\u00bb4.27.4&Prime; _module_preset=\u00a0\u00bbdefault\u00a0\u00bb width=\u00a0\u00bb100%\u00a0\u00bb custom_padding=\u00a0\u00bb0px||0px||false|false\u00a0\u00bb global_colors_info=\u00a0\u00bb{}\u00a0\u00bb][et_pb_column type=\u00a0\u00bb1_2&Prime; _builder_version=\u00a0\u00bb4.27.4&Prime; _module_preset=\u00a0\u00bbdefault\u00a0\u00bb custom_padding=\u00a0\u00bb|4%||5%|false|false\u00a0\u00bb custom_padding_tablet=\u00a0\u00bb5%|5%|5%|5%|true|false\u00a0\u00bb custom_padding_phone=\u00a0\u00bb10%||10%||true|false\u00a0\u00bb custom_padding_last_edited=\u00a0\u00bbon|phone\u00a0\u00bb custom_css_main_element=\u00a0\u00bbmargin: auto auto;\u00a0\u00bb global_colors_info=\u00a0\u00bb{}\u00a0\u00bb][et_pb_text _builder_version=\u00a0\u00bb4.27.4&Prime; _module_preset=\u00a0\u00bbdefault\u00a0\u00bb header_font=\u00a0\u00bb|600|||||||\u00a0\u00bb header_font_size=\u00a0\u00bb28px\u00a0\u00bb header_2_font=\u00a0\u00bb|300|||||||\u00a0\u00bb header_2_text_align=\u00a0\u00bbleft\u00a0\u00bb header_2_font_size=\u00a0\u00bb30px\u00a0\u00bb text_orientation=\u00a0\u00bbcenter\u00a0\u00bb global_colors_info=\u00a0\u00bb{}\u00a0\u00bb]<\/p>\n<h2>Sur demande<\/h2>\n<p>[\/et_pb_text][et_pb_text _builder_version=\u00a0\u00bb4.27.4&Prime; _module_preset=\u00a0\u00bbdefault\u00a0\u00bb text_text_color=\u00a0\u00bb#000000&Prime; text_font_size=\u00a0\u00bb16px\u00a0\u00bb hover_enabled=\u00a0\u00bb0&Prime; global_colors_info=\u00a0\u00bb{%22gcid-21498117-8b4a-4fb2-a155-1d098cc390c8%22:%91%22link_text_color%22%93}\u00a0\u00bb sticky_enabled=\u00a0\u00bb0&Prime; link_text_color=\u00a0\u00bbgcid-21498117-8b4a-4fb2-a155-1d098cc390c8&Prime;]<\/p>\n<p>Formule petit-d\u00e9jeuner <a href=\"https:\/\/leutharderwijk.nl\/\">Leut<\/a> x Studio Keizer <span style=\"float: right;\">\u20ac 22,50 p.p.<\/span><\/p>\n<p>Petit-d\u00e9jeuner avec des produits faits maison et locaux \u00e0 <span style=\"float: right;\">\u20ac 18,50 p.p.<\/span><\/p>\n<p>\u00ab Petit-d\u00e9jeuner \u00e0 pr\u00e9parer soi-m\u00eame \u00bb dans le r\u00e9frig\u00e9rateur <span style=\"float: right;\">\u20ac 12,50 p.p.<\/span><\/p>\n<p>Animal domestique (petit chien) sur demande <span style=\"float: right;\">\u20ac 15,00 p.n.<\/span><\/p>\n<p>Activit\u00e9 SUP <span style=\"float: right;\">\u20ac 25 p.d.<\/span><\/p>\n<p>Louer un v\u00e9lo via <a href=\"https:\/\/outdoorharderwijk.nl\/\">Outdoor Harderwijk<\/a>* <span style=\"float: right;\">vanaf \u20ac 15,00 p.d.<\/span><\/p>\n<p>*Vous devez r\u00e9server le v\u00e9lo \u00e0 l&rsquo;avance afin qu&rsquo;il soit pr\u00eat pour votre s\u00e9jour.<\/p>\n<p>[\/et_pb_text][\/et_pb_column][et_pb_column type=\u00a0\u00bb1_2&Prime; _builder_version=\u00a0\u00bb4.27.4&Prime; _module_preset=\u00a0\u00bbdefault\u00a0\u00bb background_enable_image=\u00a0\u00bboff\u00a0\u00bb global_colors_info=\u00a0\u00bb{}\u00a0\u00bb][et_pb_image src=\u00a0\u00bbhttps:\/\/studio-keizer.nl\/wp-content\/uploads\/2025\/04\/Studio-Keizer-Bed-en-Breakfast-Ontbijt-scaled.jpg\u00a0\u00bb title_text=\u00a0\u00bbStudio-Keizer Bed and Breakfast Petit d\u00e9jeuner\u00a0\u00bb _builder_version=\u00a0\u00bb4.27.4&Prime; _module_preset=\u00a0\u00bbdefault\u00a0\u00bb global_colors_info=\u00a0\u00bb{}\u00a0\u00bb][\/et_pb_image][\/et_pb_column][\/et_pb_row][\/et_pb_section][et_pb_section fb_built=\u00a0\u00bb1&Prime; _builder_version=\u00a0\u00bb4.27.4&Prime; _module_preset=\u00a0\u00bbdefault\u00a0\u00bb background_color=\u00a0\u00bbgcid-be85d942-06b5-460b-bcaf-995dfae8c055&Prime; custom_padding=\u00a0\u00bb0px||0px||false|false\u00a0\u00bb locked=\u00a0\u00bboff\u00a0\u00bb global_colors_info=\u00a0\u00bb{%22gcid-be85d942-06b5-460b-bcaf-995dfae8c055%22:%91%22background_color%22%93}\u00a0\u00bb][et_pb_row column_structure=\u00a0\u00bb1_2,1_2&Prime; use_custom_gutter=\u00a0\u00bbon\u00a0\u00bb gutter_width=\u00a0\u00bb1&Prime; make_equal=\u00a0\u00bbon\u00a0\u00bb module_class=\u00a0\u00bbstacking_row\u00a0\u00bb _builder_version=\u00a0\u00bb4.27.4&Prime; _module_preset=\u00a0\u00bbdefault\u00a0\u00bb width=\u00a0\u00bb100%\u00a0\u00bb custom_padding=\u00a0\u00bb0px||0px||false|false\u00a0\u00bb global_colors_info=\u00a0\u00bb{}\u00a0\u00bb][et_pb_column type=\u00a0\u00bb1_2&Prime; module_class=\u00a0\u00bbfirst-on-mobile\u00a0\u00bb _builder_version=\u00a0\u00bb4.27.4&Prime; _module_preset=\u00a0\u00bbdefault\u00a0\u00bb background_enable_image=\u00a0\u00bboff\u00a0\u00bb global_colors_info=\u00a0\u00bb{}\u00a0\u00bb][et_pb_image src=\u00a0\u00bbhttps:\/\/studio-keizer.nl\/wp-content\/uploads\/2025\/03\/LEUT-social-back-up-1200&#215;630-px.png\u00a0\u00bb title_text=\u00a0\u00bbLEUT-social-back-up-1200&#215;630-px\u00a0\u00bb _builder_version=\u00a0\u00bb4.27.4&Prime; _module_preset=\u00a0\u00bbdefault\u00a0\u00bb global_colors_info=\u00a0\u00bb{}\u00a0\u00bb][\/et_pb_image][\/et_pb_column][et_pb_column type=\u00a0\u00bb1_2&Prime; _builder_version=\u00a0\u00bb4.27.4&Prime; _module_preset=\u00a0\u00bbdefault\u00a0\u00bb custom_padding=\u00a0\u00bb|4%||5%|false|false\u00a0\u00bb custom_padding_tablet=\u00a0\u00bb5%|5%|5%|5%|true|false\u00a0\u00bb custom_padding_phone=\u00a0\u00bb10%||10%||true|false\u00a0\u00bb custom_padding_last_edited=\u00a0\u00bbon|phone\u00a0\u00bb custom_css_main_element=\u00a0\u00bbmargin: auto auto;\u00a0\u00bb global_colors_info=\u00a0\u00bb{}\u00a0\u00bb][et_pb_text _builder_version=\u00a0\u00bb4.27.4&Prime; _module_preset=\u00a0\u00bbdefault\u00a0\u00bb header_font=\u00a0\u00bb|600|||||||\u00a0\u00bb header_font_size=\u00a0\u00bb28px\u00a0\u00bb header_2_font=\u00a0\u00bb|300|||||||\u00a0\u00bb header_2_text_align=\u00a0\u00bbleft\u00a0\u00bb header_2_font_size=\u00a0\u00bb30px\u00a0\u00bb text_orientation=\u00a0\u00bbcenter\u00a0\u00bb global_colors_info=\u00a0\u00bb{}\u00a0\u00bb]<\/p>\n<h2>Forfait petit-d\u00e9jeuner Leut<\/h2>\n<p>[\/et_pb_text][et_pb_text _builder_version=\u00a0\u00bb4.27.4&Prime; _module_preset=\u00a0\u00bbdefault\u00a0\u00bb text_text_color=\u00a0\u00bb#000000&Prime; text_font_size=\u00a0\u00bb16px\u00a0\u00bb hover_enabled=\u00a0\u00bb0&Prime; global_colors_info=\u00a0\u00bb{%22gcid-21498117-8b4a-4fb2-a155-1d098cc390c8%22:%91%22link_text_color%22%93}\u00a0\u00bb link_text_color=\u00a0\u00bbgcid-21498117-8b4a-4fb2-a155-1d098cc390c8&Prime; sticky_enabled=\u00a0\u00bb0&Prime;]<\/p>\n<div class=\"page\" title=\"Page 1\">\n<div class=\"section\">\n<div class=\"layoutArea\">\n<div class=\"column\">\n<p><span>Pour seulement <\/span><span>\u20ac22,50 <\/span> <span>par personne, vous pouvez prendre un petit d\u00e9jeuner confortable au Leut. Cet arrangement peut \u00eatre r\u00e9serv\u00e9 \u00e0 partir de 2 personnes et consiste en une planche de petit-d\u00e9jeuner remplie de yaourts, de croissants, de pain perdu et de sandwichs. Le forfait comprend une boisson chaude et un jus de fruits frais. Il est \u00e9galement possible, \u00e0 la place de cette formule, de commander des plats du menu brunch.    <\/span><span>commander. Vous pouvez consulter la carte sur <a href=\"https:\/\/leutharderwijk.nl\/\">Leut Harderwijk<\/a>.<\/span><\/p>\n<\/div>\n<\/div>\n<\/div>\n<\/div>\n<p>[\/et_pb_text][\/et_pb_column][\/et_pb_row][\/et_pb_section][et_pb_section fb_built=\u00a0\u00bb1&Prime; _builder_version=\u00a0\u00bb4.27.4&Prime; _module_preset=\u00a0\u00bbdefault\u00a0\u00bb background_color=\u00a0\u00bbgcid-be85d942-06b5-460b-bcaf-995dfae8c055&Prime; custom_padding=\u00a0\u00bb0px||0px||false|false\u00a0\u00bb locked=\u00a0\u00bboff\u00a0\u00bb global_colors_info=\u00a0\u00bb{%22gcid-be85d942-06b5-460b-bcaf-995dfae8c055%22:%91%22background_color%22%93}\u00a0\u00bb][et_pb_row column_structure=\u00a0\u00bb1_2,1_2&Prime; use_custom_gutter=\u00a0\u00bbon\u00a0\u00bb gutter_width=\u00a0\u00bb1&Prime; make_equal=\u00a0\u00bbon\u00a0\u00bb module_class=\u00a0\u00bbstacking_row\u00a0\u00bb _builder_version=\u00a0\u00bb4.27.4&Prime; _module_preset=\u00a0\u00bbdefault\u00a0\u00bb width=\u00a0\u00bb100%\u00a0\u00bb custom_padding=\u00a0\u00bb0px||0px||false|false\u00a0\u00bb global_colors_info=\u00a0\u00bb{}\u00a0\u00bb][et_pb_column type=\u00a0\u00bb1_2&Prime; _builder_version=\u00a0\u00bb4.27.4&Prime; _module_preset=\u00a0\u00bbdefault\u00a0\u00bb custom_padding=\u00a0\u00bb|4%||5%|false|false\u00a0\u00bb custom_padding_tablet=\u00a0\u00bb5%|5%|5%|5%|true|false\u00a0\u00bb custom_padding_phone=\u00a0\u00bb10%||10%||true|false\u00a0\u00bb custom_padding_last_edited=\u00a0\u00bbon|phone\u00a0\u00bb custom_css_main_element=\u00a0\u00bbmargin: auto auto;\u00a0\u00bb global_colors_info=\u00a0\u00bb{}\u00a0\u00bb][et_pb_text _builder_version=\u00a0\u00bb4.27.4&Prime; _module_preset=\u00a0\u00bbdefault\u00a0\u00bb header_font=\u00a0\u00bb|600|||||||\u00a0\u00bb header_font_size=\u00a0\u00bb28px\u00a0\u00bb header_2_font=\u00a0\u00bb|300|||||||\u00a0\u00bb header_2_text_align=\u00a0\u00bbleft\u00a0\u00bb header_2_font_size=\u00a0\u00bb30px\u00a0\u00bb text_orientation=\u00a0\u00bbcenter\u00a0\u00bb global_colors_info=\u00a0\u00bb{}\u00a0\u00bb]<\/p>\n<h2>Louer un v\u00e9lo chez Outdoor Harderwijk<\/h2>\n<p>[\/et_pb_text][et_pb_text _builder_version=\u00a0\u00bb4.27.4&Prime; _module_preset=\u00a0\u00bbdefault\u00a0\u00bb text_text_color=\u00a0\u00bb#000000&Prime; text_font_size=\u00a0\u00bb16px\u00a0\u00bb link_text_color=\u00a0\u00bbgcid-21498117-8b4a-4fb2-a155-1d098cc390c8&Prime; global_colors_info=\u00a0\u00bb{%22gcid-21498117-8b4a-4fb2-a155-1d098cc390c8%22:%91%22link_text_color%22%93}\u00a0\u00bb]<\/p>\n<div class=\"page\" title=\"Page 1\">\n<div class=\"section\">\n<div class=\"layoutArea\">\n<div class=\"column\">\n<p>Vous souhaitez d\u00e9couvrir Harderwijk et la Veluwe de mani\u00e8re active et d\u00e9tendue ? Alors louez un v\u00e9lo chez Outdoor Harderwijk ! Nos v\u00e9los de ville, v\u00e9los \u00e9lectriques et VTT vous permettent de parcourir sans effort la promenade, les ruelles historiques et la magnifique nature environnante. Vous d\u00e9couvrirez ainsi Harderwijk et la Veluwe d&rsquo;une mani\u00e8re unique et sans souci. Pour d\u00e9couvrir toutes les possibilit\u00e9s: <a href=\"https:\/\/outdoorharderwijk.nl\/\">Outdoor Harderwijk<\/a>.    <\/p>\n<\/div>\n<\/div>\n<\/div>\n<\/div>\n<p>[\/et_pb_text][\/et_pb_column][et_pb_column type=\u00a0\u00bb1_2&Prime; module_class=\u00a0\u00bbfirst-on-mobile\u00a0\u00bb _builder_version=\u00a0\u00bb4.27.4&Prime; _module_preset=\u00a0\u00bbdefault\u00a0\u00bb background_enable_image=\u00a0\u00bboff\u00a0\u00bb global_colors_info=\u00a0\u00bb{}\u00a0\u00bb][et_pb_image src=\u00a0\u00bbhttps:\/\/studio-keizer.nl\/wp-content\/uploads\/2025\/09\/man-en-vrouw-op-elektrische-fiets-op-veluwse-heide.avif\u00a0\u00bb title_text=\u00a0\u00bbhomme-et-femme-sur-un-v\u00e9lo-\u00e9lectrique-dans-la-lande-du-Veluwe\u00a0\u00bb _builder_version=\u00a0\u00bb4.27.4&Prime; _module_preset=\u00a0\u00bbdefault\u00a0\u00bb global_colors_info=\u00a0\u00bb{}\u00a0\u00bb][\/et_pb_image][\/et_pb_column][\/et_pb_row][\/et_pb_section]<\/p>\n","protected":false},"excerpt":{"rendered":"<p>Sur demandeFormule petit-d\u00e9jeuner Leut x Studio Keizer \u20ac 22,50 p.p. Petit-d\u00e9jeuner avec des produits faits maison et locaux \u00e0 \u20ac 18,50 p.p. \u00ab Petit-d\u00e9jeuner \u00e0 pr\u00e9parer soi-m\u00eame \u00bb dans le r\u00e9frig\u00e9rateur \u20ac 12,50 p.p. Animal domestique (petit chien) sur demande \u20ac 15,00 p.n. Activit\u00e9 SUP \u20ac 25 p.d. Louer un v\u00e9lo via Outdoor Harderwijk* vanaf [&hellip;]<\/p>\n","protected":false},"author":1,"featured_media":0,"parent":0,"menu_order":0,"comment_status":"closed","ping_status":"closed","template":"","meta":{"_et_pb_use_builder":"on","_et_pb_old_content":"","_et_gb_content_width":"","footnotes":""},"class_list":["post-637","page","type-page","status-publish","hentry"],"yoast_head":"<!-- This site is optimized with the Yoast SEO plugin v24.9 - https:\/\/yoast.com\/wordpress\/plugins\/seo\/ -->\n<title>Options - Studio-Keizer<\/title>\n<meta name=\"robots\" content=\"index, follow, max-snippet:-1, max-image-preview:large, max-video-preview:-1\" \/>\n<link rel=\"canonical\" href=\"https:\/\/studio-keizer.nl\/fr\/options\/\" \/>\n<meta property=\"og:locale\" content=\"fr_FR\" \/>\n<meta property=\"og:type\" content=\"article\" \/>\n<meta property=\"og:title\" content=\"Options - Studio-Keizer\" \/>\n<meta property=\"og:description\" content=\"Sur demandeFormule petit-d\u00e9jeuner Leut x Studio Keizer \u20ac 22,50 p.p. Petit-d\u00e9jeuner avec des produits faits maison et locaux \u00e0 \u20ac 18,50 p.p. \u00ab Petit-d\u00e9jeuner \u00e0 pr\u00e9parer soi-m\u00eame \u00bb dans le r\u00e9frig\u00e9rateur \u20ac 12,50 p.p. Animal domestique (petit chien) sur demande \u20ac 15,00 p.n. Activit\u00e9 SUP \u20ac 25 p.d. Louer un v\u00e9lo via Outdoor Harderwijk* vanaf [&hellip;]\" \/>\n<meta property=\"og:url\" content=\"https:\/\/studio-keizer.nl\/fr\/options\/\" \/>\n<meta property=\"og:site_name\" content=\"Studio-Keizer\" \/>\n<meta property=\"article:modified_time\" content=\"2025-09-21T13:54:22+00:00\" \/>\n<meta name=\"twitter:card\" content=\"summary_large_image\" \/>\n<meta name=\"twitter:label1\" content=\"Dur\u00e9e de lecture estim\u00e9e\" \/>\n\t<meta name=\"twitter:data1\" content=\"5 minutes\" \/>\n<script type=\"application\/ld+json\" class=\"yoast-schema-graph\">{\"@context\":\"https:\/\/schema.org\",\"@graph\":[{\"@type\":\"WebPage\",\"@id\":\"https:\/\/studio-keizer.nl\/fr\/options\/\",\"url\":\"https:\/\/studio-keizer.nl\/fr\/options\/\",\"name\":\"Options - Studio-Keizer\",\"isPartOf\":{\"@id\":\"https:\/\/studio-keizer.nl\/fr\/#website\"},\"datePublished\":\"2025-03-29T14:14:35+00:00\",\"dateModified\":\"2025-09-21T13:54:22+00:00\",\"breadcrumb\":{\"@id\":\"https:\/\/studio-keizer.nl\/fr\/options\/#breadcrumb\"},\"inLanguage\":\"fr-FR\",\"potentialAction\":[{\"@type\":\"ReadAction\",\"target\":[\"https:\/\/studio-keizer.nl\/fr\/options\/\"]}]},{\"@type\":\"BreadcrumbList\",\"@id\":\"https:\/\/studio-keizer.nl\/fr\/options\/#breadcrumb\",\"itemListElement\":[{\"@type\":\"ListItem\",\"position\":1,\"name\":\"Home\",\"item\":\"https:\/\/studio-keizer.nl\/fr\/home\/\"},{\"@type\":\"ListItem\",\"position\":2,\"name\":\"Options\"}]},{\"@type\":\"WebSite\",\"@id\":\"https:\/\/studio-keizer.nl\/fr\/#website\",\"url\":\"https:\/\/studio-keizer.nl\/fr\/\",\"name\":\"Studio-Keizer\",\"description\":\"\",\"publisher\":{\"@id\":\"https:\/\/studio-keizer.nl\/fr\/#organization\"},\"potentialAction\":[{\"@type\":\"SearchAction\",\"target\":{\"@type\":\"EntryPoint\",\"urlTemplate\":\"https:\/\/studio-keizer.nl\/fr\/?s={search_term_string}\"},\"query-input\":{\"@type\":\"PropertyValueSpecification\",\"valueRequired\":true,\"valueName\":\"search_term_string\"}}],\"inLanguage\":\"fr-FR\"},{\"@type\":\"Organization\",\"@id\":\"https:\/\/studio-keizer.nl\/fr\/#organization\",\"name\":\"Studio-Keizer\",\"url\":\"https:\/\/studio-keizer.nl\/fr\/\",\"logo\":{\"@type\":\"ImageObject\",\"inLanguage\":\"fr-FR\",\"@id\":\"https:\/\/studio-keizer.nl\/fr\/#\/schema\/logo\/image\/\",\"url\":\"https:\/\/studio-keizer.nl\/wp-content\/uploads\/2025\/03\/logo-studio-keizer-def-rond-01-1.png\",\"contentUrl\":\"https:\/\/studio-keizer.nl\/wp-content\/uploads\/2025\/03\/logo-studio-keizer-def-rond-01-1.png\",\"width\":543,\"height\":585,\"caption\":\"Studio-Keizer\"},\"image\":{\"@id\":\"https:\/\/studio-keizer.nl\/fr\/#\/schema\/logo\/image\/\"}}]}<\/script>\n<!-- \/ Yoast SEO plugin. -->","yoast_head_json":{"title":"Options - Studio-Keizer","robots":{"index":"index","follow":"follow","max-snippet":"max-snippet:-1","max-image-preview":"max-image-preview:large","max-video-preview":"max-video-preview:-1"},"canonical":"https:\/\/studio-keizer.nl\/fr\/options\/","og_locale":"fr_FR","og_type":"article","og_title":"Options - Studio-Keizer","og_description":"Sur demandeFormule petit-d\u00e9jeuner Leut x Studio Keizer \u20ac 22,50 p.p. Petit-d\u00e9jeuner avec des produits faits maison et locaux \u00e0 \u20ac 18,50 p.p. \u00ab Petit-d\u00e9jeuner \u00e0 pr\u00e9parer soi-m\u00eame \u00bb dans le r\u00e9frig\u00e9rateur \u20ac 12,50 p.p. Animal domestique (petit chien) sur demande \u20ac 15,00 p.n. Activit\u00e9 SUP \u20ac 25 p.d. Louer un v\u00e9lo via Outdoor Harderwijk* vanaf [&hellip;]","og_url":"https:\/\/studio-keizer.nl\/fr\/options\/","og_site_name":"Studio-Keizer","article_modified_time":"2025-09-21T13:54:22+00:00","twitter_card":"summary_large_image","twitter_misc":{"Dur\u00e9e de lecture estim\u00e9e":"5 minutes"},"schema":{"@context":"https:\/\/schema.org","@graph":[{"@type":"WebPage","@id":"https:\/\/studio-keizer.nl\/fr\/options\/","url":"https:\/\/studio-keizer.nl\/fr\/options\/","name":"Options - Studio-Keizer","isPartOf":{"@id":"https:\/\/studio-keizer.nl\/fr\/#website"},"datePublished":"2025-03-29T14:14:35+00:00","dateModified":"2025-09-21T13:54:22+00:00","breadcrumb":{"@id":"https:\/\/studio-keizer.nl\/fr\/options\/#breadcrumb"},"inLanguage":"fr-FR","potentialAction":[{"@type":"ReadAction","target":["https:\/\/studio-keizer.nl\/fr\/options\/"]}]},{"@type":"BreadcrumbList","@id":"https:\/\/studio-keizer.nl\/fr\/options\/#breadcrumb","itemListElement":[{"@type":"ListItem","position":1,"name":"Home","item":"https:\/\/studio-keizer.nl\/fr\/home\/"},{"@type":"ListItem","position":2,"name":"Options"}]},{"@type":"WebSite","@id":"https:\/\/studio-keizer.nl\/fr\/#website","url":"https:\/\/studio-keizer.nl\/fr\/","name":"Studio-Keizer","description":"","publisher":{"@id":"https:\/\/studio-keizer.nl\/fr\/#organization"},"potentialAction":[{"@type":"SearchAction","target":{"@type":"EntryPoint","urlTemplate":"https:\/\/studio-keizer.nl\/fr\/?s={search_term_string}"},"query-input":{"@type":"PropertyValueSpecification","valueRequired":true,"valueName":"search_term_string"}}],"inLanguage":"fr-FR"},{"@type":"Organization","@id":"https:\/\/studio-keizer.nl\/fr\/#organization","name":"Studio-Keizer","url":"https:\/\/studio-keizer.nl\/fr\/","logo":{"@type":"ImageObject","inLanguage":"fr-FR","@id":"https:\/\/studio-keizer.nl\/fr\/#\/schema\/logo\/image\/","url":"https:\/\/studio-keizer.nl\/wp-content\/uploads\/2025\/03\/logo-studio-keizer-def-rond-01-1.png","contentUrl":"https:\/\/studio-keizer.nl\/wp-content\/uploads\/2025\/03\/logo-studio-keizer-def-rond-01-1.png","width":543,"height":585,"caption":"Studio-Keizer"},"image":{"@id":"https:\/\/studio-keizer.nl\/fr\/#\/schema\/logo\/image\/"}}]}},"_links":{"self":[{"href":"https:\/\/studio-keizer.nl\/fr\/wp-json\/wp\/v2\/pages\/637","targetHints":{"allow":["GET"]}}],"collection":[{"href":"https:\/\/studio-keizer.nl\/fr\/wp-json\/wp\/v2\/pages"}],"about":[{"href":"https:\/\/studio-keizer.nl\/fr\/wp-json\/wp\/v2\/types\/page"}],"author":[{"embeddable":true,"href":"https:\/\/studio-keizer.nl\/fr\/wp-json\/wp\/v2\/users\/1"}],"replies":[{"embeddable":true,"href":"https:\/\/studio-keizer.nl\/fr\/wp-json\/wp\/v2\/comments?post=637"}],"version-history":[{"count":15,"href":"https:\/\/studio-keizer.nl\/fr\/wp-json\/wp\/v2\/pages\/637\/revisions"}],"predecessor-version":[{"id":802,"href":"https:\/\/studio-keizer.nl\/fr\/wp-json\/wp\/v2\/pages\/637\/revisions\/802"}],"wp:attachment":[{"href":"https:\/\/studio-keizer.nl\/fr\/wp-json\/wp\/v2\/media?parent=637"}],"curies":[{"name":"wp","href":"https:\/\/api.w.org\/{rel}","templated":true}]}}