{"id":634,"date":"2025-03-29T14:11:46","date_gmt":"2025-03-29T14:11:46","guid":{"rendered":"https:\/\/studio-keizer.nl\/environs-de-hardwijk\/"},"modified":"2025-08-16T09:29:30","modified_gmt":"2025-08-16T09:29:30","slug":"environs-de-hardwijk","status":"publish","type":"page","link":"https:\/\/studio-keizer.nl\/fr\/environs-de-hardwijk\/","title":{"rendered":"Environs de Hardwijk"},"content":{"rendered":"<p>[et_pb_section fb_built=\u00a0\u00bb1&Prime; _builder_version=\u00a0\u00bb4.27.4&Prime; _module_preset=\u00a0\u00bbdefault\u00a0\u00bb background_image=\u00a0\u00bbhttps:\/\/studio-keizer.nl\/wp-content\/uploads\/2025\/04\/Studio-Keizer-luchtfoto-Harderwijk-e1744225243363.png\u00a0\u00bb background_position=\u00a0\u00bbtop_center\u00a0\u00bb background_vertical_offset=\u00a0\u00bb18%\u00a0\u00bb custom_padding=\u00a0\u00bb0px||250px||false|false\u00a0\u00bb global_colors_info=\u00a0\u00bb{}\u00a0\u00bb][\/et_pb_section][et_pb_section fb_built=\u00a0\u00bb1&Prime; _builder_version=\u00a0\u00bb4.27.4&Prime; _module_preset=\u00a0\u00bbdefault\u00a0\u00bb background_color=\u00a0\u00bbgcid-be85d942-06b5-460b-bcaf-995dfae8c055&Prime; custom_padding=\u00a0\u00bb32px||31px|||\u00a0\u00bb global_colors_info=\u00a0\u00bb{%22gcid-be85d942-06b5-460b-bcaf-995dfae8c055%22:%91%22background_color%22%93}\u00a0\u00bb][et_pb_row use_custom_gutter=\u00a0\u00bbon\u00a0\u00bb gutter_width=\u00a0\u00bb2&Prime; _builder_version=\u00a0\u00bb4.27.4&Prime; _module_preset=\u00a0\u00bbdefault\u00a0\u00bb width=\u00a0\u00bb90%\u00a0\u00bb max_width=\u00a0\u00bb1280px\u00a0\u00bb global_colors_info=\u00a0\u00bb{}\u00a0\u00bb][et_pb_column type=\u00a0\u00bb4_4&Prime; _builder_version=\u00a0\u00bb4.27.4&Prime; _module_preset=\u00a0\u00bbdefault\u00a0\u00bb global_colors_info=\u00a0\u00bb{}\u00a0\u00bb][et_pb_text _builder_version=\u00a0\u00bb4.27.4&Prime; _module_preset=\u00a0\u00bbdefault\u00a0\u00bb header_font=\u00a0\u00bb|600|||||||\u00a0\u00bb header_text_align=\u00a0\u00bbcenter\u00a0\u00bb header_font_size=\u00a0\u00bb28px\u00a0\u00bb global_colors_info=\u00a0\u00bb{}\u00a0\u00bb]<\/p>\n<h1>Environs de Hardwijk<\/h1>\n<p>[\/et_pb_text][et_pb_text _builder_version=\u00a0\u00bb4.27.4&Prime; _module_preset=\u00a0\u00bbdefault\u00a0\u00bb text_font_size=\u00a0\u00bb16px\u00a0\u00bb text_orientation=\u00a0\u00bbcenter\u00a0\u00bb max_width=\u00a0\u00bb70%\u00a0\u00bb max_width_tablet=\u00a0\u00bb70%\u00a0\u00bb max_width_phone=\u00a0\u00bb100%\u00a0\u00bb max_width_last_edited=\u00a0\u00bbon|phone\u00a0\u00bb module_alignment=\u00a0\u00bbcenter\u00a0\u00bb global_colors_info=\u00a0\u00bb{}\u00a0\u00bb]<\/p>\n<p>Le studio est situ\u00e9 dans le centre historique de Harderwijk. Quel que soit le chemin emprunt\u00e9, il y a toujours quelque chose \u00e0 voir. Le vieux port de p\u00eache, la promenade, le Vischmarkt avec pas moins de deux restaurants \u00e9toil\u00e9s et le Vischpoort, la plage de la ville o\u00f9 l&rsquo;on assiste aux plus beaux couchers de soleil, sans oublier le Markt avec ses terrasses accueillantes. Tout autour du coin.   <\/p>\n<p>[\/et_pb_text][\/et_pb_column][\/et_pb_row][\/et_pb_section][et_pb_section fb_built=\u00a0\u00bb1&Prime; module_id=\u00a0\u00bbnourriture\u00a0\u00bb _builder_version=\u00a0\u00bb4.27.4&Prime; _module_preset=\u00a0\u00bbdefault\u00a0\u00bb background_color=\u00a0\u00bbgcid-fe3f0b50-bbf9-4668-98e8-1de029531d34&Prime; custom_padding=\u00a0\u00bb0px||0px||true|false\u00a0\u00bb global_colors_info=\u00a0\u00bb{%22gcid-fe3f0b50-bbf9-4668-98e8-1de029531d34%22:%91%22background_color%22%93}\u00a0\u00bb][et_pb_row column_structure=\u00a0\u00bb1_2,1_2&Prime; use_custom_gutter=\u00a0\u00bbon\u00a0\u00bb gutter_width=\u00a0\u00bb1&Prime; make_equal=\u00a0\u00bbon\u00a0\u00bb _builder_version=\u00a0\u00bb4.27.4&Prime; _module_preset=\u00a0\u00bbdefault\u00a0\u00bb width=\u00a0\u00bb100%\u00a0\u00bb custom_padding=\u00a0\u00bb0px||0px||true|false\u00a0\u00bb global_colors_info=\u00a0\u00bb{}\u00a0\u00bb][et_pb_column type=\u00a0\u00bb1_2&Prime; _builder_version=\u00a0\u00bb4.27.4&Prime; _module_preset=\u00a0\u00bbdefault\u00a0\u00bb custom_padding=\u00a0\u00bb|5%||5%|false|true\u00a0\u00bb custom_padding_tablet=\u00a0\u00bb|5%||5%|false|true\u00a0\u00bb custom_padding_phone=\u00a0\u00bb10%|5%|10%|5%|true|true\u00a0\u00bb custom_padding_last_edited=\u00a0\u00bbon|phone\u00a0\u00bb custom_css_main_element=\u00a0\u00bbmargin: auto auto;\u00a0\u00bb global_colors_info=\u00a0\u00bb{}\u00a0\u00bb][et_pb_text _builder_version=\u00a0\u00bb4.27.4&Prime; _module_preset=\u00a0\u00bbdefault\u00a0\u00bb header_font=\u00a0\u00bb|600|||||||\u00a0\u00bb header_font_size=\u00a0\u00bb28px\u00a0\u00bb header_2_font=\u00a0\u00bb|600|||||||\u00a0\u00bb global_colors_info=\u00a0\u00bb{}\u00a0\u00bb]<\/p>\n<h2>Alimentation et boissons<\/h2>\n<p>[\/et_pb_text][et_pb_text _builder_version=\u00a0\u00bb4.27.4&Prime; _module_preset=\u00a0\u00bbdefault\u00a0\u00bb text_font_size=\u00a0\u00bb16px\u00a0\u00bb global_colors_info=\u00a0\u00bb{}\u00a0\u00bb]<\/p>\n<p>Harderwijk regorge d&rsquo;endroits agr\u00e9ables pour se restaurer et se d\u00e9salt\u00e9rer des petits d\u00e9jeuners branch\u00e9s aux restaurants deux \u00e9toiles. Vous pouvez prendre un bon repas ou un verre sur le boulevard surplombant l&rsquo;eau, ou vous installer \u00e0 l&rsquo;une des terrasses de l&rsquo;agr\u00e9able place du march\u00e9 ; vous trouverez \u00e9galement une vari\u00e9t\u00e9 de restaurants dans les nombreuses petites rues. Vous avez du mal \u00e0 choisir ? Nous sommes l\u00e0 pour vous aider.<\/p>\n<p>[\/et_pb_text][\/et_pb_column][et_pb_column type=\u00a0\u00bb1_2&Prime; _builder_version=\u00a0\u00bb4.27.4&Prime; _module_preset=\u00a0\u00bbdefault\u00a0\u00bb global_colors_info=\u00a0\u00bb{}\u00a0\u00bb][et_pb_image src=\u00a0\u00bbhttps:\/\/studio-keizer.nl\/wp-content\/uploads\/2025\/04\/Studio-Keizer-Boulevard-Harderwijk.jpeg\u00a0\u00bb title_text=\u00a0\u00bbStudio-Keizer Boulevard Harderwijk\u00a0\u00bb _builder_version=\u00a0\u00bb4.27.4&Prime; _module_preset=\u00a0\u00bbdefault\u00a0\u00bb global_colors_info=\u00a0\u00bb{}\u00a0\u00bb][\/et_pb_image][\/et_pb_column][\/et_pb_row][\/et_pb_section][et_pb_section fb_built=\u00a0\u00bb1&Prime; module_id=\u00a0\u00bbachats\u00a0\u00bb _builder_version=\u00a0\u00bb4.27.4&Prime; _module_preset=\u00a0\u00bbdefault\u00a0\u00bb background_color=\u00a0\u00bbgcid-be85d942-06b5-460b-bcaf-995dfae8c055&Prime; custom_padding=\u00a0\u00bb30px||30px|||\u00a0\u00bb global_colors_info=\u00a0\u00bb{%22gcid-be85d942-06b5-460b-bcaf-995dfae8c055%22:%91%22background_color%22%93}\u00a0\u00bb][et_pb_row use_custom_gutter=\u00a0\u00bbon\u00a0\u00bb gutter_width=\u00a0\u00bb2&Prime; _builder_version=\u00a0\u00bb4.27.4&Prime; _module_preset=\u00a0\u00bbdefault\u00a0\u00bb width=\u00a0\u00bb90%\u00a0\u00bb max_width=\u00a0\u00bb1280px\u00a0\u00bb global_colors_info=\u00a0\u00bb{}\u00a0\u00bb][et_pb_column type=\u00a0\u00bb4_4&Prime; _builder_version=\u00a0\u00bb4.27.4&Prime; _module_preset=\u00a0\u00bbdefault\u00a0\u00bb global_colors_info=\u00a0\u00bb{}\u00a0\u00bb][et_pb_text _builder_version=\u00a0\u00bb4.27.4&Prime; _module_preset=\u00a0\u00bbdefault\u00a0\u00bb header_font=\u00a0\u00bb|600|||||||\u00a0\u00bb header_font_size=\u00a0\u00bb28px\u00a0\u00bb header_2_font=\u00a0\u00bb|600|||||||\u00a0\u00bb text_orientation=\u00a0\u00bbcenter\u00a0\u00bb global_colors_info=\u00a0\u00bb{}\u00a0\u00bb]<\/p>\n<h2>Achats<\/h2>\n<p>[\/et_pb_text][et_pb_text _builder_version=\u00a0\u00bb4.27.4&Prime; _module_preset=\u00a0\u00bbdefault\u00a0\u00bb text_font_size=\u00a0\u00bb16px\u00a0\u00bb text_orientation=\u00a0\u00bbcenter\u00a0\u00bb max_width=\u00a0\u00bb70%\u00a0\u00bb max_width_tablet=\u00a0\u00bb70%\u00a0\u00bb max_width_phone=\u00a0\u00bb100%\u00a0\u00bb max_width_last_edited=\u00a0\u00bbon|phone\u00a0\u00bb module_alignment=\u00a0\u00bbcenter\u00a0\u00bb hover_enabled=\u00a0\u00bb0&Prime; global_colors_info=\u00a0\u00bb{}\u00a0\u00bb sticky_enabled=\u00a0\u00bb0&Prime;]<\/p>\n<p>Pour faire du shopping, vous n&rsquo;aurez pas non plus \u00e0 aller tr\u00e8s loin. Harderwijk compte plusieurs boutiques sympas, des concept stores branch\u00e9s, un magasin vintage et de belles boutiques sp\u00e9cialis\u00e9es (en produits frais). Vous y trouverez bien s\u00fbr \u00e9galement plusieurs cha\u00eenes de magasins connues.   <\/p>\n<p>[\/et_pb_text][\/et_pb_column][\/et_pb_row][\/et_pb_section][et_pb_section fb_built=\u00a0\u00bb1&Prime; module_id=\u00a0\u00bbl&#039;art\u00a0\u00bb _builder_version=\u00a0\u00bb4.27.4&Prime; _module_preset=\u00a0\u00bbdefault\u00a0\u00bb background_color=\u00a0\u00bbgcid-fe3f0b50-bbf9-4668-98e8-1de029531d34&Prime; custom_padding=\u00a0\u00bb0px||0px||true|false\u00a0\u00bb global_colors_info=\u00a0\u00bb{%22gcid-fe3f0b50-bbf9-4668-98e8-1de029531d34%22:%91%22background_color%22%93}\u00a0\u00bb][et_pb_row column_structure=\u00a0\u00bb1_2,1_2&Prime; use_custom_gutter=\u00a0\u00bbon\u00a0\u00bb gutter_width=\u00a0\u00bb1&Prime; make_equal=\u00a0\u00bbon\u00a0\u00bb _builder_version=\u00a0\u00bb4.27.4&Prime; _module_preset=\u00a0\u00bbdefault\u00a0\u00bb width=\u00a0\u00bb100%\u00a0\u00bb custom_padding=\u00a0\u00bb0px||0px||true|false\u00a0\u00bb global_colors_info=\u00a0\u00bb{}\u00a0\u00bb][et_pb_column type=\u00a0\u00bb1_2&Prime; _builder_version=\u00a0\u00bb4.27.4&Prime; _module_preset=\u00a0\u00bbdefault\u00a0\u00bb custom_padding=\u00a0\u00bb|5%||5%|false|true\u00a0\u00bb custom_padding_tablet=\u00a0\u00bb|5%||5%|false|true\u00a0\u00bb custom_padding_phone=\u00a0\u00bb10%|5%|10%|5%|true|true\u00a0\u00bb custom_padding_last_edited=\u00a0\u00bbon|phone\u00a0\u00bb custom_css_main_element=\u00a0\u00bbmargin: auto auto;\u00a0\u00bb global_colors_info=\u00a0\u00bb{}\u00a0\u00bb][et_pb_text _builder_version=\u00a0\u00bb4.27.4&Prime; _module_preset=\u00a0\u00bbdefault\u00a0\u00bb header_font=\u00a0\u00bb|600|||||||\u00a0\u00bb header_font_size=\u00a0\u00bb28px\u00a0\u00bb header_2_font=\u00a0\u00bb|600|||||||\u00a0\u00bb global_colors_info=\u00a0\u00bb{}\u00a0\u00bb]<\/p>\n<h2>Art et culture<\/h2>\n<p>[\/et_pb_text][et_pb_text _builder_version=\u00a0\u00bb4.27.4&Prime; _module_preset=\u00a0\u00bbdefault\u00a0\u00bb text_font_size=\u00a0\u00bb16px\u00a0\u00bb link_text_color=\u00a0\u00bbgcid-21498117-8b4a-4fb2-a155-1d098cc390c8&Prime; global_colors_info=\u00a0\u00bb{%22gcid-21498117-8b4a-4fb2-a155-1d098cc390c8%22:%91%22link_text_color%22%93}\u00a0\u00bb]<\/p>\n<p>Vous aimez le th\u00e9\u00e2tre, la musique et l&rsquo;art ? Harderwijk est n\u00e9anmoins une ville o\u00f9 il fait bon s\u00e9journer. Il y a beaucoup de musique en direct sur plusieurs grandes et petites sc\u00e8nes. Chaque ann\u00e9e, il y a un certain nombre de festivals auxquels il faut absolument assister. Les mus\u00e9es valent \u00e9galement la peine d&rsquo;\u00eatre visit\u00e9s. Vous pouvez par exemple visiter <a href=\"https:\/\/www.stadsmuseum-harderwijk.nl\/\">le mus\u00e9e de ville<\/a> ou <a href=\"https:\/\/www.mariusvandokkummuseum.nl\/\">le mus\u00e9e Marius van Dokkum<\/a>. Sur le site <a href=\"http:\/\/www.heerlijkharderwijk.nl\">www.heerlijkharderwijk.nl,<\/a> vous trouverez une liste compl\u00e8te de toutes les activit\u00e9s \u00e0 Harderwijk et dans les environs.      <\/p>\n<p>Sortir avec un habitant de la r\u00e9gion ? Vous pouvez explorer le vieux centre \u00e0 pied avec un guide de la ville ou r\u00e9server une excursion \u00e0 v\u00e9lo avec <a href=\"https:\/\/biketourharderwijk.nl\/\">Bike tour Harderwijk<\/a> et d\u00e9couvrir les plus beaux endroits de Harderwijk. <\/p>\n<p>[\/et_pb_text][\/et_pb_column][et_pb_column type=\u00a0\u00bb1_2&Prime; _builder_version=\u00a0\u00bb4.27.4&Prime; _module_preset=\u00a0\u00bbdefault\u00a0\u00bb global_colors_info=\u00a0\u00bb{}\u00a0\u00bb][et_pb_image src=\u00a0\u00bbhttps:\/\/studio-keizer.nl\/wp-content\/uploads\/2025\/04\/Studio-Keizer-Vischpoort-Harderwijk.jpeg\u00a0\u00bb title_text=\u00a0\u00bbStudio-Keizer Vischpoort Harderwijk\u00a0\u00bb _builder_version=\u00a0\u00bb4.27.4&Prime; _module_preset=\u00a0\u00bbdefault\u00a0\u00bb global_colors_info=\u00a0\u00bb{}\u00a0\u00bb][\/et_pb_image][\/et_pb_column][\/et_pb_row][\/et_pb_section][et_pb_section fb_built=\u00a0\u00bb1&Prime; module_id=\u00a0\u00bbactif\u00a0\u00bb _builder_version=\u00a0\u00bb4.27.4&Prime; _module_preset=\u00a0\u00bbdefault\u00a0\u00bb background_color=\u00a0\u00bbgcid-be85d942-06b5-460b-bcaf-995dfae8c055&Prime; custom_padding=\u00a0\u00bb30px||30px|||\u00a0\u00bb global_colors_info=\u00a0\u00bb{%22gcid-be85d942-06b5-460b-bcaf-995dfae8c055%22:%91%22background_color%22%93}\u00a0\u00bb][et_pb_row use_custom_gutter=\u00a0\u00bbon\u00a0\u00bb gutter_width=\u00a0\u00bb2&Prime; _builder_version=\u00a0\u00bb4.27.4&Prime; _module_preset=\u00a0\u00bbdefault\u00a0\u00bb width=\u00a0\u00bb90%\u00a0\u00bb max_width=\u00a0\u00bb1280px\u00a0\u00bb global_colors_info=\u00a0\u00bb{}\u00a0\u00bb][et_pb_column type=\u00a0\u00bb4_4&Prime; _builder_version=\u00a0\u00bb4.27.4&Prime; _module_preset=\u00a0\u00bbdefault\u00a0\u00bb global_colors_info=\u00a0\u00bb{}\u00a0\u00bb][et_pb_text _builder_version=\u00a0\u00bb4.27.4&Prime; _module_preset=\u00a0\u00bbdefault\u00a0\u00bb header_font=\u00a0\u00bb|600|||||||\u00a0\u00bb header_font_size=\u00a0\u00bb28px\u00a0\u00bb header_2_font=\u00a0\u00bb|600|||||||\u00a0\u00bb text_orientation=\u00a0\u00bbcenter\u00a0\u00bb global_colors_info=\u00a0\u00bb{}\u00a0\u00bb]<\/p>\n<h2>Activit\u00e9s<\/h2>\n<p>[\/et_pb_text][et_pb_text _builder_version=\u00a0\u00bb4.27.4&Prime; _module_preset=\u00a0\u00bbdefault\u00a0\u00bb text_font_size=\u00a0\u00bb16px\u00a0\u00bb link_text_color=\u00a0\u00bbgcid-21498117-8b4a-4fb2-a155-1d098cc390c8&Prime; text_orientation=\u00a0\u00bbcenter\u00a0\u00bb max_width=\u00a0\u00bb70%\u00a0\u00bb max_width_tablet=\u00a0\u00bb70%\u00a0\u00bb max_width_phone=\u00a0\u00bb100%\u00a0\u00bb max_width_last_edited=\u00a0\u00bbon|phone\u00a0\u00bb module_alignment=\u00a0\u00bbcenter\u00a0\u00bb global_colors_info=\u00a0\u00bb{%22gcid-21498117-8b4a-4fb2-a155-1d098cc390c8%22:%91%22link_text_color%22%93}\u00a0\u00bb]<\/p>\n<p>Avec le Randmeren d&rsquo;un c\u00f4t\u00e9 et le Veluwe de l&rsquo;autre, Harderwijk offre de nombreuses possibilit\u00e9s de sorties. Vous pouvez faire du v\u00e9lo ou marcher \u00e0 travers les for\u00eats, les bancs de sable et les landes. Des kilom\u00e8tres de sentiers de randonn\u00e9e et de pistes cyclables entourent Harderwijk. Ou d\u00e9couvrez Harderwijk sur l&rsquo;eau. Louez un sup, un bateau, faites de la planche \u00e0 voile ou du kite.    <\/p>\n<p>Harderwijk est une ville hans\u00e9atique anim\u00e9e o\u00f9 il y a tant \u00e0 faire. Ils sont trop nombreux pour \u00eatre tous cit\u00e9s ici. Jetez un coup d&rsquo;\u0153il \u00e0 <a href=\"http:\/\/www.heerlijkharderwijk.nl\">www.heerlijkharderwijk.nl.<\/a> Vous y trouverez tout ce qu&rsquo;il y a \u00e0 faire \u00e0 Harderwijk et dans les environs.  <\/p>\n<p>[\/et_pb_text][\/et_pb_column][\/et_pb_row][\/et_pb_section]<\/p>\n","protected":false},"excerpt":{"rendered":"<p>Environs de HardwijkLe studio est situ\u00e9 dans le centre historique de Harderwijk. Quel que soit le chemin emprunt\u00e9, il y a toujours quelque chose \u00e0 voir. Le vieux port de p\u00eache, la promenade, le Vischmarkt avec pas moins de deux restaurants \u00e9toil\u00e9s et le Vischpoort, la plage de la ville o\u00f9 l&rsquo;on assiste aux plus [&hellip;]<\/p>\n","protected":false},"author":1,"featured_media":0,"parent":0,"menu_order":0,"comment_status":"closed","ping_status":"closed","template":"","meta":{"_et_pb_use_builder":"on","_et_pb_old_content":"","_et_gb_content_width":"","footnotes":""},"class_list":["post-634","page","type-page","status-publish","hentry"],"yoast_head":"<!-- This site is optimized with the Yoast SEO plugin v24.9 - https:\/\/yoast.com\/wordpress\/plugins\/seo\/ -->\n<title>Environs de Hardwijk - Studio-Keizer<\/title>\n<meta name=\"robots\" content=\"index, follow, max-snippet:-1, max-image-preview:large, max-video-preview:-1\" \/>\n<link rel=\"canonical\" href=\"https:\/\/studio-keizer.nl\/fr\/environs-de-hardwijk\/\" \/>\n<meta property=\"og:locale\" content=\"fr_FR\" \/>\n<meta property=\"og:type\" content=\"article\" \/>\n<meta property=\"og:title\" content=\"Environs de Hardwijk - Studio-Keizer\" \/>\n<meta property=\"og:description\" content=\"Environs de HardwijkLe studio est situ\u00e9 dans le centre historique de Harderwijk. Quel que soit le chemin emprunt\u00e9, il y a toujours quelque chose \u00e0 voir. Le vieux port de p\u00eache, la promenade, le Vischmarkt avec pas moins de deux restaurants \u00e9toil\u00e9s et le Vischpoort, la plage de la ville o\u00f9 l&#039;on assiste aux plus [&hellip;]\" \/>\n<meta property=\"og:url\" content=\"https:\/\/studio-keizer.nl\/fr\/environs-de-hardwijk\/\" \/>\n<meta property=\"og:site_name\" content=\"Studio-Keizer\" \/>\n<meta property=\"article:modified_time\" content=\"2025-08-16T09:29:30+00:00\" \/>\n<meta name=\"twitter:card\" content=\"summary_large_image\" \/>\n<meta name=\"twitter:label1\" content=\"Dur\u00e9e de lecture estim\u00e9e\" \/>\n\t<meta name=\"twitter:data1\" content=\"7 minutes\" \/>\n<script type=\"application\/ld+json\" class=\"yoast-schema-graph\">{\"@context\":\"https:\/\/schema.org\",\"@graph\":[{\"@type\":\"WebPage\",\"@id\":\"https:\/\/studio-keizer.nl\/fr\/environs-de-hardwijk\/\",\"url\":\"https:\/\/studio-keizer.nl\/fr\/environs-de-hardwijk\/\",\"name\":\"Environs de Hardwijk - Studio-Keizer\",\"isPartOf\":{\"@id\":\"https:\/\/studio-keizer.nl\/fr\/#website\"},\"datePublished\":\"2025-03-29T14:11:46+00:00\",\"dateModified\":\"2025-08-16T09:29:30+00:00\",\"breadcrumb\":{\"@id\":\"https:\/\/studio-keizer.nl\/fr\/environs-de-hardwijk\/#breadcrumb\"},\"inLanguage\":\"fr-FR\",\"potentialAction\":[{\"@type\":\"ReadAction\",\"target\":[\"https:\/\/studio-keizer.nl\/fr\/environs-de-hardwijk\/\"]}]},{\"@type\":\"BreadcrumbList\",\"@id\":\"https:\/\/studio-keizer.nl\/fr\/environs-de-hardwijk\/#breadcrumb\",\"itemListElement\":[{\"@type\":\"ListItem\",\"position\":1,\"name\":\"Home\",\"item\":\"https:\/\/studio-keizer.nl\/fr\/home\/\"},{\"@type\":\"ListItem\",\"position\":2,\"name\":\"Environs de Hardwijk\"}]},{\"@type\":\"WebSite\",\"@id\":\"https:\/\/studio-keizer.nl\/fr\/#website\",\"url\":\"https:\/\/studio-keizer.nl\/fr\/\",\"name\":\"Studio-Keizer\",\"description\":\"\",\"publisher\":{\"@id\":\"https:\/\/studio-keizer.nl\/fr\/#organization\"},\"potentialAction\":[{\"@type\":\"SearchAction\",\"target\":{\"@type\":\"EntryPoint\",\"urlTemplate\":\"https:\/\/studio-keizer.nl\/fr\/?s={search_term_string}\"},\"query-input\":{\"@type\":\"PropertyValueSpecification\",\"valueRequired\":true,\"valueName\":\"search_term_string\"}}],\"inLanguage\":\"fr-FR\"},{\"@type\":\"Organization\",\"@id\":\"https:\/\/studio-keizer.nl\/fr\/#organization\",\"name\":\"Studio-Keizer\",\"url\":\"https:\/\/studio-keizer.nl\/fr\/\",\"logo\":{\"@type\":\"ImageObject\",\"inLanguage\":\"fr-FR\",\"@id\":\"https:\/\/studio-keizer.nl\/fr\/#\/schema\/logo\/image\/\",\"url\":\"https:\/\/studio-keizer.nl\/wp-content\/uploads\/2025\/03\/logo-studio-keizer-def-rond-01-1.png\",\"contentUrl\":\"https:\/\/studio-keizer.nl\/wp-content\/uploads\/2025\/03\/logo-studio-keizer-def-rond-01-1.png\",\"width\":543,\"height\":585,\"caption\":\"Studio-Keizer\"},\"image\":{\"@id\":\"https:\/\/studio-keizer.nl\/fr\/#\/schema\/logo\/image\/\"}}]}<\/script>\n<!-- \/ Yoast SEO plugin. -->","yoast_head_json":{"title":"Environs de Hardwijk - Studio-Keizer","robots":{"index":"index","follow":"follow","max-snippet":"max-snippet:-1","max-image-preview":"max-image-preview:large","max-video-preview":"max-video-preview:-1"},"canonical":"https:\/\/studio-keizer.nl\/fr\/environs-de-hardwijk\/","og_locale":"fr_FR","og_type":"article","og_title":"Environs de Hardwijk - Studio-Keizer","og_description":"Environs de HardwijkLe studio est situ\u00e9 dans le centre historique de Harderwijk. Quel que soit le chemin emprunt\u00e9, il y a toujours quelque chose \u00e0 voir. Le vieux port de p\u00eache, la promenade, le Vischmarkt avec pas moins de deux restaurants \u00e9toil\u00e9s et le Vischpoort, la plage de la ville o\u00f9 l'on assiste aux plus [&hellip;]","og_url":"https:\/\/studio-keizer.nl\/fr\/environs-de-hardwijk\/","og_site_name":"Studio-Keizer","article_modified_time":"2025-08-16T09:29:30+00:00","twitter_card":"summary_large_image","twitter_misc":{"Dur\u00e9e de lecture estim\u00e9e":"7 minutes"},"schema":{"@context":"https:\/\/schema.org","@graph":[{"@type":"WebPage","@id":"https:\/\/studio-keizer.nl\/fr\/environs-de-hardwijk\/","url":"https:\/\/studio-keizer.nl\/fr\/environs-de-hardwijk\/","name":"Environs de Hardwijk - Studio-Keizer","isPartOf":{"@id":"https:\/\/studio-keizer.nl\/fr\/#website"},"datePublished":"2025-03-29T14:11:46+00:00","dateModified":"2025-08-16T09:29:30+00:00","breadcrumb":{"@id":"https:\/\/studio-keizer.nl\/fr\/environs-de-hardwijk\/#breadcrumb"},"inLanguage":"fr-FR","potentialAction":[{"@type":"ReadAction","target":["https:\/\/studio-keizer.nl\/fr\/environs-de-hardwijk\/"]}]},{"@type":"BreadcrumbList","@id":"https:\/\/studio-keizer.nl\/fr\/environs-de-hardwijk\/#breadcrumb","itemListElement":[{"@type":"ListItem","position":1,"name":"Home","item":"https:\/\/studio-keizer.nl\/fr\/home\/"},{"@type":"ListItem","position":2,"name":"Environs de Hardwijk"}]},{"@type":"WebSite","@id":"https:\/\/studio-keizer.nl\/fr\/#website","url":"https:\/\/studio-keizer.nl\/fr\/","name":"Studio-Keizer","description":"","publisher":{"@id":"https:\/\/studio-keizer.nl\/fr\/#organization"},"potentialAction":[{"@type":"SearchAction","target":{"@type":"EntryPoint","urlTemplate":"https:\/\/studio-keizer.nl\/fr\/?s={search_term_string}"},"query-input":{"@type":"PropertyValueSpecification","valueRequired":true,"valueName":"search_term_string"}}],"inLanguage":"fr-FR"},{"@type":"Organization","@id":"https:\/\/studio-keizer.nl\/fr\/#organization","name":"Studio-Keizer","url":"https:\/\/studio-keizer.nl\/fr\/","logo":{"@type":"ImageObject","inLanguage":"fr-FR","@id":"https:\/\/studio-keizer.nl\/fr\/#\/schema\/logo\/image\/","url":"https:\/\/studio-keizer.nl\/wp-content\/uploads\/2025\/03\/logo-studio-keizer-def-rond-01-1.png","contentUrl":"https:\/\/studio-keizer.nl\/wp-content\/uploads\/2025\/03\/logo-studio-keizer-def-rond-01-1.png","width":543,"height":585,"caption":"Studio-Keizer"},"image":{"@id":"https:\/\/studio-keizer.nl\/fr\/#\/schema\/logo\/image\/"}}]}},"_links":{"self":[{"href":"https:\/\/studio-keizer.nl\/fr\/wp-json\/wp\/v2\/pages\/634","targetHints":{"allow":["GET"]}}],"collection":[{"href":"https:\/\/studio-keizer.nl\/fr\/wp-json\/wp\/v2\/pages"}],"about":[{"href":"https:\/\/studio-keizer.nl\/fr\/wp-json\/wp\/v2\/types\/page"}],"author":[{"embeddable":true,"href":"https:\/\/studio-keizer.nl\/fr\/wp-json\/wp\/v2\/users\/1"}],"replies":[{"embeddable":true,"href":"https:\/\/studio-keizer.nl\/fr\/wp-json\/wp\/v2\/comments?post=634"}],"version-history":[{"count":7,"href":"https:\/\/studio-keizer.nl\/fr\/wp-json\/wp\/v2\/pages\/634\/revisions"}],"predecessor-version":[{"id":753,"href":"https:\/\/studio-keizer.nl\/fr\/wp-json\/wp\/v2\/pages\/634\/revisions\/753"}],"wp:attachment":[{"href":"https:\/\/studio-keizer.nl\/fr\/wp-json\/wp\/v2\/media?parent=634"}],"curies":[{"name":"wp","href":"https:\/\/api.w.org\/{rel}","templated":true}]}}