{"id":591,"date":"2025-03-29T14:11:46","date_gmt":"2025-03-29T14:11:46","guid":{"rendered":"https:\/\/studio-keizer.nl\/surroundings-harderwijk\/"},"modified":"2025-08-16T09:30:31","modified_gmt":"2025-08-16T09:30:31","slug":"surroundings-harderwijk","status":"publish","type":"page","link":"https:\/\/studio-keizer.nl\/en\/surroundings-harderwijk\/","title":{"rendered":"Surroundings harderwijk"},"content":{"rendered":"<p>[et_pb_section fb_built=&#8221;1&#8243; _builder_version=&#8221;4.27.4&#8243; _module_preset=&#8221;default&#8221; background_image=&#8221;https:\/\/studio-keizer.nl\/wp-content\/uploads\/2025\/04\/Studio-Keizer-luchtfoto-Harderwijk-e1744225243363.png&#8221; background_position=&#8221;top_center&#8221; background_vertical_offset=&#8221;18%&#8221; custom_padding=&#8221;0px||250px||false|false&#8221; global_colors_info=&#8221;{}&#8221;][\/et_pb_section][et_pb_section fb_built=&#8221;1&#8243; _builder_version=&#8221;4.27.4&#8243; _module_preset=&#8221;default&#8221; background_color=&#8221;gcid-be85d942-06b5-460b-bcaf-995dfae8c055&#8243; custom_padding=&#8221;32px||31px|||&#8221; global_colors_info=&#8221;{%22gcid-be85d942-06b5-460b-bcaf-995dfae8c055%22:%91%22background_color%22%93}&#8221;][et_pb_row use_custom_gutter=&#8221;on&#8221; gutter_width=&#8221;2&#8243; _builder_version=&#8221;4.27.4&#8243; _module_preset=&#8221;default&#8221; width=&#8221;90%&#8221; max_width=&#8221;1280px&#8221; global_colors_info=&#8221;{}&#8221;][et_pb_column type=&#8221;4_4&#8243; _builder_version=&#8221;4.27.4&#8243; _module_preset=&#8221;default&#8221; global_colors_info=&#8221;{}&#8221;][et_pb_text _builder_version=&#8221;4.27.4&#8243; _module_preset=&#8221;default&#8221; header_font=&#8221;|600|||||||&#8221; header_text_align=&#8221;center&#8221; header_font_size=&#8221;28px&#8221; global_colors_info=&#8221;{}&#8221;]<\/p>\n<h1>Surroundings harderwijk<\/h1>\n<p>[\/et_pb_text][et_pb_text _builder_version=&#8221;4.27.4&#8243; _module_preset=&#8221;default&#8221; text_font_size=&#8221;16px&#8221; text_orientation=&#8221;center&#8221; max_width=&#8221;70%&#8221; max_width_tablet=&#8221;70%&#8221; max_width_phone=&#8221;100%&#8221; max_width_last_edited=&#8221;on|phone&#8221; module_alignment=&#8221;center&#8221; global_colors_info=&#8221;{}&#8221;]<\/p>\n<p>The studio is super centrally located in the historic downtown area of Harderwijk. No matter which way you walk there is always something to see. The old fishing harbor, the promenade, the Vischmarkt with no less than two starred restaurants and the Vischpoort, the city beach where you can see the most beautiful sunsets, not to mention the Markt with its cozy terraces. All around the corner.   <\/p>\n<p>[\/et_pb_text][\/et_pb_column][\/et_pb_row][\/et_pb_section][et_pb_section fb_built=&#8221;1&#8243; module_id=&#8221;Food&#8221; _builder_version=&#8221;4.27.4&#8243; _module_preset=&#8221;default&#8221; background_color=&#8221;gcid-fe3f0b50-bbf9-4668-98e8-1de029531d34&#8243; custom_padding=&#8221;0px||0px||true|false&#8221; global_colors_info=&#8221;{%22gcid-fe3f0b50-bbf9-4668-98e8-1de029531d34%22:%91%22background_color%22%93}&#8221;][et_pb_row column_structure=&#8221;1_2,1_2&#8243; use_custom_gutter=&#8221;on&#8221; gutter_width=&#8221;1&#8243; make_equal=&#8221;on&#8221; _builder_version=&#8221;4.27.4&#8243; _module_preset=&#8221;default&#8221; width=&#8221;100%&#8221; custom_padding=&#8221;0px||0px||true|false&#8221; global_colors_info=&#8221;{}&#8221;][et_pb_column type=&#8221;1_2&#8243; _builder_version=&#8221;4.27.4&#8243; _module_preset=&#8221;default&#8221; custom_padding=&#8221;|5%||5%|false|true&#8221; custom_padding_tablet=&#8221;|5%||5%|false|true&#8221; custom_padding_phone=&#8221;10%|5%|10%|5%|true|true&#8221; custom_padding_last_edited=&#8221;on|phone&#8221; custom_css_main_element=&#8221;margin: auto auto;&#8221; global_colors_info=&#8221;{}&#8221;][et_pb_text _builder_version=&#8221;4.27.4&#8243; _module_preset=&#8221;default&#8221; header_font=&#8221;|600|||||||&#8221; header_font_size=&#8221;28px&#8221; header_2_font=&#8221;|600|||||||&#8221; global_colors_info=&#8221;{}&#8221;]<\/p>\n<h2>Food and Drink<\/h2>\n<p>[\/et_pb_text][et_pb_text _builder_version=&#8221;4.27.4&#8243; _module_preset=&#8221;default&#8221; text_font_size=&#8221;16px&#8221; global_colors_info=&#8221;{}&#8221;]<\/p>\n<p>Harderwijk is bursting with cozy places to eat and drink&#8230;. from hip breakfast joints to two-star restaurants. You can eat or have a drink on the boulevard overlooking the water, or settle down on one of the terraces on the cozy Market Square, also in the many streets you will find a variety of restaurants. Stressful choice? We will gladly help you.<\/p>\n<p>[\/et_pb_text][\/et_pb_column][et_pb_column type=&#8221;1_2&#8243; _builder_version=&#8221;4.27.4&#8243; _module_preset=&#8221;default&#8221; global_colors_info=&#8221;{}&#8221;][et_pb_image src=&#8221;https:\/\/studio-keizer.nl\/wp-content\/uploads\/2025\/04\/Studio-Keizer-Boulevard-Harderwijk.jpeg&#8221; title_text=&#8221;Studio-Keizer Boulevard Harderwijk&#8221; _builder_version=&#8221;4.27.4&#8243; _module_preset=&#8221;default&#8221; global_colors_info=&#8221;{}&#8221;][\/et_pb_image][\/et_pb_column][\/et_pb_row][\/et_pb_section][et_pb_section fb_built=&#8221;1&#8243; module_id=&#8221;shopping&#8221; _builder_version=&#8221;4.27.4&#8243; _module_preset=&#8221;default&#8221; background_color=&#8221;gcid-be85d942-06b5-460b-bcaf-995dfae8c055&#8243; custom_padding=&#8221;30px||30px|||&#8221; global_colors_info=&#8221;{%22gcid-be85d942-06b5-460b-bcaf-995dfae8c055%22:%91%22background_color%22%93}&#8221;][et_pb_row use_custom_gutter=&#8221;on&#8221; gutter_width=&#8221;2&#8243; _builder_version=&#8221;4.27.4&#8243; _module_preset=&#8221;default&#8221; width=&#8221;90%&#8221; max_width=&#8221;1280px&#8221; global_colors_info=&#8221;{}&#8221;][et_pb_column type=&#8221;4_4&#8243; _builder_version=&#8221;4.27.4&#8243; _module_preset=&#8221;default&#8221; global_colors_info=&#8221;{}&#8221;][et_pb_text _builder_version=&#8221;4.27.4&#8243; _module_preset=&#8221;default&#8221; header_font=&#8221;|600|||||||&#8221; header_font_size=&#8221;28px&#8221; header_2_font=&#8221;|600|||||||&#8221; text_orientation=&#8221;center&#8221; global_colors_info=&#8221;{}&#8221;]<\/p>\n<h2>Shopping<\/h2>\n<p>[\/et_pb_text][et_pb_text _builder_version=&#8221;4.27.4&#8243; _module_preset=&#8221;default&#8221; text_font_size=&#8221;16px&#8221; text_orientation=&#8221;center&#8221; max_width=&#8221;70%&#8221; max_width_tablet=&#8221;70%&#8221; max_width_phone=&#8221;100%&#8221; max_width_last_edited=&#8221;on|phone&#8221; module_alignment=&#8221;center&#8221; hover_enabled=&#8221;0&#8243; global_colors_info=&#8221;{}&#8221; sticky_enabled=&#8221;0&#8243;]<\/p>\n<p>Auch zum Einkaufen m\u00fcssen Sie nicht weit laufen. Harderwijk hat eine Reihe von sch\u00f6nen Boutiquen, trendigen Concept Stores, einen Vintage-Laden und sch\u00f6ne (frische) Spezialgesch\u00e4fte zu bieten. Nat\u00fcrlich finden Sie hier auch einige der bekannteren Ladenketten.   <\/p>\n<p>[\/et_pb_text][\/et_pb_column][\/et_pb_row][\/et_pb_section][et_pb_section fb_built=&#8221;1&#8243; module_id=&#8221;Art&#8221; _builder_version=&#8221;4.27.4&#8243; _module_preset=&#8221;default&#8221; background_color=&#8221;gcid-fe3f0b50-bbf9-4668-98e8-1de029531d34&#8243; custom_padding=&#8221;0px||0px||true|false&#8221; global_colors_info=&#8221;{%22gcid-fe3f0b50-bbf9-4668-98e8-1de029531d34%22:%91%22background_color%22%93}&#8221;][et_pb_row column_structure=&#8221;1_2,1_2&#8243; use_custom_gutter=&#8221;on&#8221; gutter_width=&#8221;1&#8243; make_equal=&#8221;on&#8221; _builder_version=&#8221;4.27.4&#8243; _module_preset=&#8221;default&#8221; width=&#8221;100%&#8221; custom_padding=&#8221;0px||0px||true|false&#8221; global_colors_info=&#8221;{}&#8221;][et_pb_column type=&#8221;1_2&#8243; _builder_version=&#8221;4.27.4&#8243; _module_preset=&#8221;default&#8221; custom_padding=&#8221;|5%||5%|false|true&#8221; custom_padding_tablet=&#8221;|5%||5%|false|true&#8221; custom_padding_phone=&#8221;10%|5%|10%|5%|true|true&#8221; custom_padding_last_edited=&#8221;on|phone&#8221; custom_css_main_element=&#8221;margin: auto auto;&#8221; global_colors_info=&#8221;{}&#8221;][et_pb_text _builder_version=&#8221;4.27.4&#8243; _module_preset=&#8221;default&#8221; header_font=&#8221;|600|||||||&#8221; header_font_size=&#8221;28px&#8221; header_2_font=&#8221;|600|||||||&#8221; global_colors_info=&#8221;{}&#8221;]<\/p>\n<h2>Art and culture<\/h2>\n<p>[\/et_pb_text][et_pb_text _builder_version=&#8221;4.27.4&#8243; _module_preset=&#8221;default&#8221; text_font_size=&#8221;16px&#8221; link_text_color=&#8221;gcid-21498117-8b4a-4fb2-a155-1d098cc390c8&#8243; global_colors_info=&#8221;{%22gcid-21498117-8b4a-4fb2-a155-1d098cc390c8%22:%91%22link_text_color%22%93}&#8221;]<\/p>\n<p>Do you love theater, music and art? Even then, Harderwijk is a great city to stay in. There will be plenty of live music on several large and small stages. There are some festivals every year that you really want to attend. The museums are also worth visiting. For example, take a look at th <a href=\"https:\/\/www.stadsmuseum-harderwijk.nl\/\">Stadsmuseum<\/a> or the <a href=\"https:\/\/www.mariusvandokkummuseum.nl\/\">Marius van Dokkum museum<\/a>. On <a href=\"http:\/\/www.heerlijkharderwijk.nl\">www.heerlijkharderwijk.nl<\/a> you will find a comprehensive list of all activities in and around Harderwijk.      <\/p>\n<p>Going out with a local? You can explore the old center on foot with a city guide or book a bike tour with <a href=\"https:\/\/biketourharderwijk.nl\/\">Bike tour Harderwijk<\/a> and get to know the most beautiful places of Harderwijk. <\/p>\n<p>[\/et_pb_text][\/et_pb_column][et_pb_column type=&#8221;1_2&#8243; _builder_version=&#8221;4.27.4&#8243; _module_preset=&#8221;default&#8221; global_colors_info=&#8221;{}&#8221;][et_pb_image src=&#8221;https:\/\/studio-keizer.nl\/wp-content\/uploads\/2025\/04\/Studio-Keizer-Vischpoort-Harderwijk.jpeg&#8221; title_text=&#8221;Studio-Keizer Vischpoort Harderwijk&#8221; _builder_version=&#8221;4.27.4&#8243; _module_preset=&#8221;default&#8221; global_colors_info=&#8221;{}&#8221;][\/et_pb_image][\/et_pb_column][\/et_pb_row][\/et_pb_section][et_pb_section fb_built=&#8221;1&#8243; module_id=&#8221;active&#8221; _builder_version=&#8221;4.27.4&#8243; _module_preset=&#8221;default&#8221; background_color=&#8221;gcid-be85d942-06b5-460b-bcaf-995dfae8c055&#8243; custom_padding=&#8221;30px||30px|||&#8221; global_colors_info=&#8221;{%22gcid-be85d942-06b5-460b-bcaf-995dfae8c055%22:%91%22background_color%22%93}&#8221;][et_pb_row use_custom_gutter=&#8221;on&#8221; gutter_width=&#8221;2&#8243; _builder_version=&#8221;4.27.4&#8243; _module_preset=&#8221;default&#8221; width=&#8221;90%&#8221; max_width=&#8221;1280px&#8221; global_colors_info=&#8221;{}&#8221;][et_pb_column type=&#8221;4_4&#8243; _builder_version=&#8221;4.27.4&#8243; _module_preset=&#8221;default&#8221; global_colors_info=&#8221;{}&#8221;][et_pb_text _builder_version=&#8221;4.27.4&#8243; _module_preset=&#8221;default&#8221; header_font=&#8221;|600|||||||&#8221; header_font_size=&#8221;28px&#8221; header_2_font=&#8221;|600|||||||&#8221; text_orientation=&#8221;center&#8221; global_colors_info=&#8221;{}&#8221;]<\/p>\n<h2>Active<\/h2>\n<p>[\/et_pb_text][et_pb_text _builder_version=&#8221;4.27.4&#8243; _module_preset=&#8221;default&#8221; text_font_size=&#8221;16px&#8221; link_text_color=&#8221;gcid-21498117-8b4a-4fb2-a155-1d098cc390c8&#8243; text_orientation=&#8221;center&#8221; max_width=&#8221;70%&#8221; max_width_tablet=&#8221;70%&#8221; max_width_phone=&#8221;100%&#8221; max_width_last_edited=&#8221;on|phone&#8221; module_alignment=&#8221;center&#8221; global_colors_info=&#8221;{%22gcid-21498117-8b4a-4fb2-a155-1d098cc390c8%22:%91%22link_text_color%22%93}&#8221;]<\/p>\n<p>With the Randmeren on one side and the Veluwe on the other, Harderwijk offers plenty of opportunities to get out and about. Cycle or walk through the forests, past sand drifts and moors. There are miles of hiking and biking trails around Harderwijk. Or explore Harderwijk from the water. Rent a sup, a boat or go windsurfing or kiting.    <\/p>\n<p>Harderwijk is a bustling Hanseatic city where there is so much to do. Too many to name them all here. Take a look at <a href=\"http:\/\/www.heerlijkharderwijk.nl\">www.heerlijkharderwijk.nl<\/a> here you will find everything there is to do in and around Harderwijk.  <\/p>\n<p>[\/et_pb_text][\/et_pb_column][\/et_pb_row][\/et_pb_section]<\/p>\n","protected":false},"excerpt":{"rendered":"<p>Surroundings harderwijkThe studio is super centrally located in the historic downtown area of Harderwijk. No matter which way you walk there is always something to see. The old fishing harbor, the promenade, the Vischmarkt with no less than two starred restaurants and the Vischpoort, the city beach where you can see the most beautiful sunsets, [&hellip;]<\/p>\n","protected":false},"author":1,"featured_media":0,"parent":0,"menu_order":0,"comment_status":"closed","ping_status":"closed","template":"","meta":{"_et_pb_use_builder":"on","_et_pb_old_content":"","_et_gb_content_width":"","footnotes":""},"class_list":["post-591","page","type-page","status-publish","hentry"],"yoast_head":"<!-- This site is optimized with the Yoast SEO plugin v24.9 - https:\/\/yoast.com\/wordpress\/plugins\/seo\/ -->\n<title>Surroundings harderwijk - Studio-Keizer<\/title>\n<meta name=\"robots\" content=\"index, follow, max-snippet:-1, max-image-preview:large, max-video-preview:-1\" \/>\n<link rel=\"canonical\" href=\"https:\/\/studio-keizer.nl\/en\/surroundings-harderwijk\/\" \/>\n<meta property=\"og:locale\" content=\"en_US\" \/>\n<meta property=\"og:type\" content=\"article\" \/>\n<meta property=\"og:title\" content=\"Surroundings harderwijk - Studio-Keizer\" \/>\n<meta property=\"og:description\" content=\"Surroundings harderwijkThe studio is super centrally located in the historic downtown area of Harderwijk. No matter which way you walk there is always something to see. The old fishing harbor, the promenade, the Vischmarkt with no less than two starred restaurants and the Vischpoort, the city beach where you can see the most beautiful sunsets, [&hellip;]\" \/>\n<meta property=\"og:url\" content=\"https:\/\/studio-keizer.nl\/en\/surroundings-harderwijk\/\" \/>\n<meta property=\"og:site_name\" content=\"Studio-Keizer\" \/>\n<meta property=\"article:modified_time\" content=\"2025-08-16T09:30:31+00:00\" \/>\n<meta name=\"twitter:card\" content=\"summary_large_image\" \/>\n<meta name=\"twitter:label1\" content=\"Est. reading time\" \/>\n\t<meta name=\"twitter:data1\" content=\"7 minutes\" \/>\n<script type=\"application\/ld+json\" class=\"yoast-schema-graph\">{\"@context\":\"https:\/\/schema.org\",\"@graph\":[{\"@type\":\"WebPage\",\"@id\":\"https:\/\/studio-keizer.nl\/en\/surroundings-harderwijk\/\",\"url\":\"https:\/\/studio-keizer.nl\/en\/surroundings-harderwijk\/\",\"name\":\"Surroundings harderwijk - Studio-Keizer\",\"isPartOf\":{\"@id\":\"https:\/\/studio-keizer.nl\/en\/#website\"},\"datePublished\":\"2025-03-29T14:11:46+00:00\",\"dateModified\":\"2025-08-16T09:30:31+00:00\",\"breadcrumb\":{\"@id\":\"https:\/\/studio-keizer.nl\/en\/surroundings-harderwijk\/#breadcrumb\"},\"inLanguage\":\"en-US\",\"potentialAction\":[{\"@type\":\"ReadAction\",\"target\":[\"https:\/\/studio-keizer.nl\/en\/surroundings-harderwijk\/\"]}]},{\"@type\":\"BreadcrumbList\",\"@id\":\"https:\/\/studio-keizer.nl\/en\/surroundings-harderwijk\/#breadcrumb\",\"itemListElement\":[{\"@type\":\"ListItem\",\"position\":1,\"name\":\"Home\",\"item\":\"https:\/\/studio-keizer.nl\/en\/home\/\"},{\"@type\":\"ListItem\",\"position\":2,\"name\":\"Surroundings harderwijk\"}]},{\"@type\":\"WebSite\",\"@id\":\"https:\/\/studio-keizer.nl\/en\/#website\",\"url\":\"https:\/\/studio-keizer.nl\/en\/\",\"name\":\"Studio-Keizer\",\"description\":\"\",\"publisher\":{\"@id\":\"https:\/\/studio-keizer.nl\/en\/#organization\"},\"potentialAction\":[{\"@type\":\"SearchAction\",\"target\":{\"@type\":\"EntryPoint\",\"urlTemplate\":\"https:\/\/studio-keizer.nl\/en\/?s={search_term_string}\"},\"query-input\":{\"@type\":\"PropertyValueSpecification\",\"valueRequired\":true,\"valueName\":\"search_term_string\"}}],\"inLanguage\":\"en-US\"},{\"@type\":\"Organization\",\"@id\":\"https:\/\/studio-keizer.nl\/en\/#organization\",\"name\":\"Studio-Keizer\",\"url\":\"https:\/\/studio-keizer.nl\/en\/\",\"logo\":{\"@type\":\"ImageObject\",\"inLanguage\":\"en-US\",\"@id\":\"https:\/\/studio-keizer.nl\/en\/#\/schema\/logo\/image\/\",\"url\":\"https:\/\/studio-keizer.nl\/wp-content\/uploads\/2025\/03\/logo-studio-keizer-def-rond-01-1.png\",\"contentUrl\":\"https:\/\/studio-keizer.nl\/wp-content\/uploads\/2025\/03\/logo-studio-keizer-def-rond-01-1.png\",\"width\":543,\"height\":585,\"caption\":\"Studio-Keizer\"},\"image\":{\"@id\":\"https:\/\/studio-keizer.nl\/en\/#\/schema\/logo\/image\/\"}}]}<\/script>\n<!-- \/ Yoast SEO plugin. -->","yoast_head_json":{"title":"Surroundings harderwijk - Studio-Keizer","robots":{"index":"index","follow":"follow","max-snippet":"max-snippet:-1","max-image-preview":"max-image-preview:large","max-video-preview":"max-video-preview:-1"},"canonical":"https:\/\/studio-keizer.nl\/en\/surroundings-harderwijk\/","og_locale":"en_US","og_type":"article","og_title":"Surroundings harderwijk - Studio-Keizer","og_description":"Surroundings harderwijkThe studio is super centrally located in the historic downtown area of Harderwijk. No matter which way you walk there is always something to see. The old fishing harbor, the promenade, the Vischmarkt with no less than two starred restaurants and the Vischpoort, the city beach where you can see the most beautiful sunsets, [&hellip;]","og_url":"https:\/\/studio-keizer.nl\/en\/surroundings-harderwijk\/","og_site_name":"Studio-Keizer","article_modified_time":"2025-08-16T09:30:31+00:00","twitter_card":"summary_large_image","twitter_misc":{"Est. reading time":"7 minutes"},"schema":{"@context":"https:\/\/schema.org","@graph":[{"@type":"WebPage","@id":"https:\/\/studio-keizer.nl\/en\/surroundings-harderwijk\/","url":"https:\/\/studio-keizer.nl\/en\/surroundings-harderwijk\/","name":"Surroundings harderwijk - Studio-Keizer","isPartOf":{"@id":"https:\/\/studio-keizer.nl\/en\/#website"},"datePublished":"2025-03-29T14:11:46+00:00","dateModified":"2025-08-16T09:30:31+00:00","breadcrumb":{"@id":"https:\/\/studio-keizer.nl\/en\/surroundings-harderwijk\/#breadcrumb"},"inLanguage":"en-US","potentialAction":[{"@type":"ReadAction","target":["https:\/\/studio-keizer.nl\/en\/surroundings-harderwijk\/"]}]},{"@type":"BreadcrumbList","@id":"https:\/\/studio-keizer.nl\/en\/surroundings-harderwijk\/#breadcrumb","itemListElement":[{"@type":"ListItem","position":1,"name":"Home","item":"https:\/\/studio-keizer.nl\/en\/home\/"},{"@type":"ListItem","position":2,"name":"Surroundings harderwijk"}]},{"@type":"WebSite","@id":"https:\/\/studio-keizer.nl\/en\/#website","url":"https:\/\/studio-keizer.nl\/en\/","name":"Studio-Keizer","description":"","publisher":{"@id":"https:\/\/studio-keizer.nl\/en\/#organization"},"potentialAction":[{"@type":"SearchAction","target":{"@type":"EntryPoint","urlTemplate":"https:\/\/studio-keizer.nl\/en\/?s={search_term_string}"},"query-input":{"@type":"PropertyValueSpecification","valueRequired":true,"valueName":"search_term_string"}}],"inLanguage":"en-US"},{"@type":"Organization","@id":"https:\/\/studio-keizer.nl\/en\/#organization","name":"Studio-Keizer","url":"https:\/\/studio-keizer.nl\/en\/","logo":{"@type":"ImageObject","inLanguage":"en-US","@id":"https:\/\/studio-keizer.nl\/en\/#\/schema\/logo\/image\/","url":"https:\/\/studio-keizer.nl\/wp-content\/uploads\/2025\/03\/logo-studio-keizer-def-rond-01-1.png","contentUrl":"https:\/\/studio-keizer.nl\/wp-content\/uploads\/2025\/03\/logo-studio-keizer-def-rond-01-1.png","width":543,"height":585,"caption":"Studio-Keizer"},"image":{"@id":"https:\/\/studio-keizer.nl\/en\/#\/schema\/logo\/image\/"}}]}},"_links":{"self":[{"href":"https:\/\/studio-keizer.nl\/en\/wp-json\/wp\/v2\/pages\/591","targetHints":{"allow":["GET"]}}],"collection":[{"href":"https:\/\/studio-keizer.nl\/en\/wp-json\/wp\/v2\/pages"}],"about":[{"href":"https:\/\/studio-keizer.nl\/en\/wp-json\/wp\/v2\/types\/page"}],"author":[{"embeddable":true,"href":"https:\/\/studio-keizer.nl\/en\/wp-json\/wp\/v2\/users\/1"}],"replies":[{"embeddable":true,"href":"https:\/\/studio-keizer.nl\/en\/wp-json\/wp\/v2\/comments?post=591"}],"version-history":[{"count":4,"href":"https:\/\/studio-keizer.nl\/en\/wp-json\/wp\/v2\/pages\/591\/revisions"}],"predecessor-version":[{"id":757,"href":"https:\/\/studio-keizer.nl\/en\/wp-json\/wp\/v2\/pages\/591\/revisions\/757"}],"wp:attachment":[{"href":"https:\/\/studio-keizer.nl\/en\/wp-json\/wp\/v2\/media?parent=591"}],"curies":[{"name":"wp","href":"https:\/\/api.w.org\/{rel}","templated":true}]}}