{"id":613,"date":"2025-03-29T14:11:46","date_gmt":"2025-03-29T14:11:46","guid":{"rendered":"https:\/\/studio-keizer.nl\/umgebung-von-harderwijk\/"},"modified":"2025-08-16T09:29:47","modified_gmt":"2025-08-16T09:29:47","slug":"umgebung-von-harderwijk","status":"publish","type":"page","link":"https:\/\/studio-keizer.nl\/de\/umgebung-von-harderwijk\/","title":{"rendered":"Umgebung von Harderwijk"},"content":{"rendered":"<p>[et_pb_section fb_built=&#8220;1&#8243; _builder_version=&#8220;4.27.4&#8243; _module_preset=&#8220;default&#8220; background_image=&#8220;https:\/\/studio-keizer.nl\/wp-content\/uploads\/2025\/04\/Studio-Keizer-luchtfoto-Harderwijk-e1744225243363.png&#8220; background_position=&#8220;top_center&#8220; background_vertical_offset=&#8220;18%&#8220; custom_padding=&#8220;0px||250px||false|false&#8220; global_colors_info=&#8220;{}&#8220;][\/et_pb_section][et_pb_section fb_built=&#8220;1&#8243; _builder_version=&#8220;4.27.4&#8243; _module_preset=&#8220;default&#8220; background_color=&#8220;gcid-be85d942-06b5-460b-bcaf-995dfae8c055&#8243; custom_padding=&#8220;32px||31px|||&#8220; global_colors_info=&#8220;{%22gcid-be85d942-06b5-460b-bcaf-995dfae8c055%22:%91%22background_color%22%93}&#8220;][et_pb_row use_custom_gutter=&#8220;on&#8220; gutter_width=&#8220;2&#8243; _builder_version=&#8220;4.27.4&#8243; _module_preset=&#8220;default&#8220; width=&#8220;90%&#8220; max_width=&#8220;1280px&#8220; global_colors_info=&#8220;{}&#8220;][et_pb_column type=&#8220;4_4&#8243; _builder_version=&#8220;4.27.4&#8243; _module_preset=&#8220;default&#8220; global_colors_info=&#8220;{}&#8220;][et_pb_text _builder_version=&#8220;4.27.4&#8243; _module_preset=&#8220;default&#8220; header_font=&#8220;|600|||||||&#8220; header_text_align=&#8220;center&#8220; header_font_size=&#8220;28px&#8220; global_colors_info=&#8220;{}&#8220;]<\/p>\n<h1>Umgebung von Harderwijk<\/h1>\n<p>[\/et_pb_text][et_pb_text _builder_version=&#8220;4.27.4&#8243; _module_preset=&#8220;default&#8220; text_font_size=&#8220;16px&#8220; text_orientation=&#8220;center&#8220; max_width=&#8220;70%&#8220; max_width_tablet=&#8220;70%&#8220; max_width_phone=&#8220;100%&#8220; max_width_last_edited=&#8220;on|phone&#8220; module_alignment=&#8220;center&#8220; global_colors_info=&#8220;{}&#8220;]<\/p>\n<p>Das Studio liegt sehr zentral im historischen Stadtzentrum von Harderwijk. Auf welchem Weg Sie auch gehen, es gibt immer etwas zu sehen. Der alte Fischereihafen, der Boulevard, der Vischmarkt mit nicht weniger als zwei Michelin-Stern-Restaurants und dem Vischpoort, der Stadtstrand, an dem man die sch\u00f6nsten Sonnenunterg\u00e4nge erleben kann, und nicht zuletzt der Markt mit seinen gem\u00fctlichen Terrassen. Alles gleich um die Ecke.   <\/p>\n<p>[\/et_pb_text][\/et_pb_column][\/et_pb_row][\/et_pb_section][et_pb_section fb_built=&#8220;1&#8243; module_id=&#8220;Essen&#8220; _builder_version=&#8220;4.27.4&#8243; _module_preset=&#8220;default&#8220; background_color=&#8220;gcid-fe3f0b50-bbf9-4668-98e8-1de029531d34&#8243; custom_padding=&#8220;0px||0px||true|false&#8220; global_colors_info=&#8220;{%22gcid-fe3f0b50-bbf9-4668-98e8-1de029531d34%22:%91%22background_color%22%93}&#8220;][et_pb_row column_structure=&#8220;1_2,1_2&#8243; use_custom_gutter=&#8220;on&#8220; gutter_width=&#8220;1&#8243; make_equal=&#8220;on&#8220; _builder_version=&#8220;4.27.4&#8243; _module_preset=&#8220;default&#8220; width=&#8220;100%&#8220; custom_padding=&#8220;0px||0px||true|false&#8220; global_colors_info=&#8220;{}&#8220;][et_pb_column type=&#8220;1_2&#8243; _builder_version=&#8220;4.27.4&#8243; _module_preset=&#8220;default&#8220; custom_padding=&#8220;|5%||5%|false|true&#8220; custom_padding_tablet=&#8220;|5%||5%|false|true&#8220; custom_padding_phone=&#8220;10%|5%|10%|5%|true|true&#8220; custom_padding_last_edited=&#8220;on|phone&#8220; custom_css_main_element=&#8220;margin: auto auto;&#8220; global_colors_info=&#8220;{}&#8220;][et_pb_text _builder_version=&#8220;4.27.4&#8243; _module_preset=&#8220;default&#8220; header_font=&#8220;|600|||||||&#8220; header_font_size=&#8220;28px&#8220; header_2_font=&#8220;|600|||||||&#8220; global_colors_info=&#8220;{}&#8220;]<\/p>\n<h2>Essen und Trinken<\/h2>\n<p>[\/et_pb_text][et_pb_text _builder_version=&#8220;4.27.4&#8243; _module_preset=&#8220;default&#8220; text_font_size=&#8220;16px&#8220; global_colors_info=&#8220;{}&#8220;]<\/p>\n<p>Harderwijk ist voll von gem\u00fctlichen Lokalen zum Essen und Trinken von angesagten Fr\u00fchst\u00fcckslokalen bis hin zu Zwei-Sterne-Restaurants. Sie k\u00f6nnen auf dem Boulevard mit Blick auf das Wasser essen und trinken oder sich auf einer der Terrassen auf dem gem\u00fctlichen Marktplatz niederlassen; auch in den vielen kleinen Stra\u00dfen finden Sie eine Vielzahl von Restaurants. Stress bei der Auswahl? Wir helfen Ihnen gerne.<\/p>\n<p>[\/et_pb_text][\/et_pb_column][et_pb_column type=&#8220;1_2&#8243; _builder_version=&#8220;4.27.4&#8243; _module_preset=&#8220;default&#8220; global_colors_info=&#8220;{}&#8220;][et_pb_image src=&#8220;https:\/\/studio-keizer.nl\/wp-content\/uploads\/2025\/04\/Studio-Keizer-Boulevard-Harderwijk.jpeg&#8220; title_text=&#8220;Studio-Keizer Boulevard Harderwijk&#8220; _builder_version=&#8220;4.27.4&#8243; _module_preset=&#8220;default&#8220; global_colors_info=&#8220;{}&#8220;][\/et_pb_image][\/et_pb_column][\/et_pb_row][\/et_pb_section][et_pb_section fb_built=&#8220;1&#8243; module_id=&#8220;Einkaufen&#8220; _builder_version=&#8220;4.27.4&#8243; _module_preset=&#8220;default&#8220; background_color=&#8220;gcid-be85d942-06b5-460b-bcaf-995dfae8c055&#8243; custom_padding=&#8220;30px||30px|||&#8220; global_colors_info=&#8220;{%22gcid-be85d942-06b5-460b-bcaf-995dfae8c055%22:%91%22background_color%22%93}&#8220;][et_pb_row use_custom_gutter=&#8220;on&#8220; gutter_width=&#8220;2&#8243; _builder_version=&#8220;4.27.4&#8243; _module_preset=&#8220;default&#8220; width=&#8220;90%&#8220; max_width=&#8220;1280px&#8220; global_colors_info=&#8220;{}&#8220;][et_pb_column type=&#8220;4_4&#8243; _builder_version=&#8220;4.27.4&#8243; _module_preset=&#8220;default&#8220; global_colors_info=&#8220;{}&#8220;][et_pb_text _builder_version=&#8220;4.27.4&#8243; _module_preset=&#8220;default&#8220; header_font=&#8220;|600|||||||&#8220; header_font_size=&#8220;28px&#8220; header_2_font=&#8220;|600|||||||&#8220; text_orientation=&#8220;center&#8220; global_colors_info=&#8220;{}&#8220;]<\/p>\n<h2>Einkaufen<\/h2>\n<p>[\/et_pb_text][et_pb_text _builder_version=&#8220;4.27.4&#8243; _module_preset=&#8220;default&#8220; text_font_size=&#8220;16px&#8220; text_orientation=&#8220;center&#8220; max_width=&#8220;70%&#8220; max_width_tablet=&#8220;70%&#8220; max_width_phone=&#8220;100%&#8220; max_width_last_edited=&#8220;on|phone&#8220; module_alignment=&#8220;center&#8220; hover_enabled=&#8220;0&#8243; global_colors_info=&#8220;{}&#8220; sticky_enabled=&#8220;0&#8243;]<\/p>\n<p>Auch zum Einkaufen m\u00fcssen Sie nicht weit laufen. Harderwijk hat eine Reihe von sch\u00f6nen Boutiquen, trendigen Concept Stores, einen Vintage-Laden und sch\u00f6ne (frische) Spezialgesch\u00e4fte zu bieten. Nat\u00fcrlich finden Sie hier auch einige der bekannteren Ladenketten.   <\/p>\n<p>[\/et_pb_text][\/et_pb_column][\/et_pb_row][\/et_pb_section][et_pb_section fb_built=&#8220;1&#8243; module_id=&#8220;kunst&#8220; _builder_version=&#8220;4.27.4&#8243; _module_preset=&#8220;default&#8220; background_color=&#8220;gcid-fe3f0b50-bbf9-4668-98e8-1de029531d34&#8243; custom_padding=&#8220;0px||0px||true|false&#8220; global_colors_info=&#8220;{%22gcid-fe3f0b50-bbf9-4668-98e8-1de029531d34%22:%91%22background_color%22%93}&#8220;][et_pb_row column_structure=&#8220;1_2,1_2&#8243; use_custom_gutter=&#8220;on&#8220; gutter_width=&#8220;1&#8243; make_equal=&#8220;on&#8220; _builder_version=&#8220;4.27.4&#8243; _module_preset=&#8220;default&#8220; width=&#8220;100%&#8220; custom_padding=&#8220;0px||0px||true|false&#8220; global_colors_info=&#8220;{}&#8220;][et_pb_column type=&#8220;1_2&#8243; _builder_version=&#8220;4.27.4&#8243; _module_preset=&#8220;default&#8220; custom_padding=&#8220;|5%||5%|false|true&#8220; custom_padding_tablet=&#8220;|5%||5%|false|true&#8220; custom_padding_phone=&#8220;10%|5%|10%|5%|true|true&#8220; custom_padding_last_edited=&#8220;on|phone&#8220; custom_css_main_element=&#8220;margin: auto auto;&#8220; global_colors_info=&#8220;{}&#8220;][et_pb_text _builder_version=&#8220;4.27.4&#8243; _module_preset=&#8220;default&#8220; header_font=&#8220;|600|||||||&#8220; header_font_size=&#8220;28px&#8220; header_2_font=&#8220;|600|||||||&#8220; global_colors_info=&#8220;{}&#8220;]<\/p>\n<h2>Kunst und Kultur<\/h2>\n<p>[\/et_pb_text][et_pb_text _builder_version=&#8220;4.27.4&#8243; _module_preset=&#8220;default&#8220; text_font_size=&#8220;16px&#8220; link_text_color=&#8220;gcid-21498117-8b4a-4fb2-a155-1d098cc390c8&#8243; global_colors_info=&#8220;{%22gcid-21498117-8b4a-4fb2-a155-1d098cc390c8%22:%91%22link_text_color%22%93}&#8220;]<\/p>\n<p>Lieben Sie Theater, Musik und Kunst? Dann ist Harderwijk auch eine tolle Stadt zum Verweilen. Es gibt viel Live-Musik auf verschiedenen gro\u00dfen und kleinen B\u00fchnen. Jedes Jahr gibt es mehrere Festivals, die Sie unbedingt besuchen sollten. Auch die Museen sind einen Besuch wert. Werfen Sie einen Blick auf das <a href=\"https:\/\/www.stadsmuseum-harderwijk.nl\/\">Stadsmuseum<\/a> ob es <a href=\"https:\/\/www.mariusvandokkummuseum.nl\/\">Marius van Dokkum museum<\/a>. Auf <a href=\"http:\/\/www.heerlijkharderwijk.nl\">www.heerlijkharderwijk.nl<\/a> finden Sie eine umfassende Liste aller Aktivit\u00e4ten in und um Harderwijk.      <\/p>\n<p>Unterwegs mit einem Einheimischen? Sie k\u00f6nnen die Altstadt zu Fu\u00df mit einem Stadtf\u00fchrer erkunden oder eine Fahrradtour buchen bei <a href=\"https:\/\/biketourharderwijk.nl\/\">Bike tour Harderwijk<\/a> und lernen Sie die sch\u00f6nsten Ecken von Harderwijk kennen. <\/p>\n<p>[\/et_pb_text][\/et_pb_column][et_pb_column type=&#8220;1_2&#8243; _builder_version=&#8220;4.27.4&#8243; _module_preset=&#8220;default&#8220; global_colors_info=&#8220;{}&#8220;][et_pb_image src=&#8220;https:\/\/studio-keizer.nl\/wp-content\/uploads\/2025\/04\/Studio-Keizer-Vischpoort-Harderwijk.jpeg&#8220; title_text=&#8220;Studio-Keizer Vischpoort Harderwijk&#8220; _builder_version=&#8220;4.27.4&#8243; _module_preset=&#8220;default&#8220; global_colors_info=&#8220;{}&#8220;][\/et_pb_image][\/et_pb_column][\/et_pb_row][\/et_pb_section][et_pb_section fb_built=&#8220;1&#8243; module_id=&#8220;aktiv&#8220; _builder_version=&#8220;4.27.4&#8243; _module_preset=&#8220;default&#8220; background_color=&#8220;gcid-be85d942-06b5-460b-bcaf-995dfae8c055&#8243; custom_padding=&#8220;30px||30px|||&#8220; global_colors_info=&#8220;{%22gcid-be85d942-06b5-460b-bcaf-995dfae8c055%22:%91%22background_color%22%93}&#8220;][et_pb_row use_custom_gutter=&#8220;on&#8220; gutter_width=&#8220;2&#8243; _builder_version=&#8220;4.27.4&#8243; _module_preset=&#8220;default&#8220; width=&#8220;90%&#8220; max_width=&#8220;1280px&#8220; global_colors_info=&#8220;{}&#8220;][et_pb_column type=&#8220;4_4&#8243; _builder_version=&#8220;4.27.4&#8243; _module_preset=&#8220;default&#8220; global_colors_info=&#8220;{}&#8220;][et_pb_text _builder_version=&#8220;4.27.4&#8243; _module_preset=&#8220;default&#8220; header_font=&#8220;|600|||||||&#8220; header_font_size=&#8220;28px&#8220; header_2_font=&#8220;|600|||||||&#8220; text_orientation=&#8220;center&#8220; global_colors_info=&#8220;{}&#8220;]<\/p>\n<h2>Aktiv<\/h2>\n<p>[\/et_pb_text][et_pb_text _builder_version=&#8220;4.27.4&#8243; _module_preset=&#8220;default&#8220; text_font_size=&#8220;16px&#8220; link_text_color=&#8220;gcid-21498117-8b4a-4fb2-a155-1d098cc390c8&#8243; text_orientation=&#8220;center&#8220; max_width=&#8220;70%&#8220; max_width_tablet=&#8220;70%&#8220; max_width_phone=&#8220;100%&#8220; max_width_last_edited=&#8220;on|phone&#8220; module_alignment=&#8220;center&#8220; global_colors_info=&#8220;{%22gcid-21498117-8b4a-4fb2-a155-1d098cc390c8%22:%91%22link_text_color%22%93}&#8220;]<\/p>\n<p>Mit den Randmeren-Seen auf der einen Seite und der Veluwe auf der anderen Seite bietet Harderwijk viele M\u00f6glichkeiten, sich zu bewegen. Radeln oder wandern Sie durch die W\u00e4lder, entlang von Sandverwehungen und Heidelandschaften. Rund um Harderwijk gibt es kilometerlange Wander- und Radwege. Oder erkunden Sie Harderwijk vom Wasser aus. Mieten Sie ein Boot oder gehen Sie Windsurfen oder Kiten.    <\/p>\n<p>Harderwijk ist eine lebendige Hansestadt, in der es so viel zu erleben gibt. Zu viel, um es hier aufzuz\u00e4hlen. Werfen Sie einen Blick auf <a href=\"http:\/\/www.heerlijkharderwijk.nl\">www.heerlijkharderwijk.nl<\/a> hier finden Sie alles, was es in und um Harderwijk zu tun gibt.  <\/p>\n<p>[\/et_pb_text][\/et_pb_column][\/et_pb_row][\/et_pb_section]<\/p>\n","protected":false},"excerpt":{"rendered":"<p>Umgebung von HarderwijkDas Studio liegt sehr zentral im historischen Stadtzentrum von Harderwijk. Auf welchem Weg Sie auch gehen, es gibt immer etwas zu sehen. Der alte Fischereihafen, der Boulevard, der Vischmarkt mit nicht weniger als zwei Michelin-Stern-Restaurants und dem Vischpoort, der Stadtstrand, an dem man die sch\u00f6nsten Sonnenunterg\u00e4nge erleben kann, und nicht zuletzt der Markt [&hellip;]<\/p>\n","protected":false},"author":1,"featured_media":0,"parent":0,"menu_order":0,"comment_status":"closed","ping_status":"closed","template":"","meta":{"_et_pb_use_builder":"on","_et_pb_old_content":"","_et_gb_content_width":"","footnotes":""},"class_list":["post-613","page","type-page","status-publish","hentry"],"yoast_head":"<!-- This site is optimized with the Yoast SEO plugin v24.9 - https:\/\/yoast.com\/wordpress\/plugins\/seo\/ -->\n<title>Umgebung von Harderwijk - Studio-Keizer<\/title>\n<meta name=\"robots\" content=\"index, follow, max-snippet:-1, max-image-preview:large, max-video-preview:-1\" \/>\n<link rel=\"canonical\" href=\"https:\/\/studio-keizer.nl\/de\/umgebung-von-harderwijk\/\" \/>\n<meta property=\"og:locale\" content=\"de_DE\" \/>\n<meta property=\"og:type\" content=\"article\" \/>\n<meta property=\"og:title\" content=\"Umgebung von Harderwijk - Studio-Keizer\" \/>\n<meta property=\"og:description\" content=\"Umgebung von HarderwijkDas Studio liegt sehr zentral im historischen Stadtzentrum von Harderwijk. Auf welchem Weg Sie auch gehen, es gibt immer etwas zu sehen. Der alte Fischereihafen, der Boulevard, der Vischmarkt mit nicht weniger als zwei Michelin-Stern-Restaurants und dem Vischpoort, der Stadtstrand, an dem man die sch\u00f6nsten Sonnenunterg\u00e4nge erleben kann, und nicht zuletzt der Markt [&hellip;]\" \/>\n<meta property=\"og:url\" content=\"https:\/\/studio-keizer.nl\/de\/umgebung-von-harderwijk\/\" \/>\n<meta property=\"og:site_name\" content=\"Studio-Keizer\" \/>\n<meta property=\"article:modified_time\" content=\"2025-08-16T09:29:47+00:00\" \/>\n<meta name=\"twitter:card\" content=\"summary_large_image\" \/>\n<meta name=\"twitter:label1\" content=\"Gesch\u00e4tzte Lesezeit\" \/>\n\t<meta name=\"twitter:data1\" content=\"7\u00a0Minuten\" \/>\n<script type=\"application\/ld+json\" class=\"yoast-schema-graph\">{\"@context\":\"https:\/\/schema.org\",\"@graph\":[{\"@type\":\"WebPage\",\"@id\":\"https:\/\/studio-keizer.nl\/de\/umgebung-von-harderwijk\/\",\"url\":\"https:\/\/studio-keizer.nl\/de\/umgebung-von-harderwijk\/\",\"name\":\"Umgebung von Harderwijk - Studio-Keizer\",\"isPartOf\":{\"@id\":\"https:\/\/studio-keizer.nl\/de\/#website\"},\"datePublished\":\"2025-03-29T14:11:46+00:00\",\"dateModified\":\"2025-08-16T09:29:47+00:00\",\"breadcrumb\":{\"@id\":\"https:\/\/studio-keizer.nl\/de\/umgebung-von-harderwijk\/#breadcrumb\"},\"inLanguage\":\"de\",\"potentialAction\":[{\"@type\":\"ReadAction\",\"target\":[\"https:\/\/studio-keizer.nl\/de\/umgebung-von-harderwijk\/\"]}]},{\"@type\":\"BreadcrumbList\",\"@id\":\"https:\/\/studio-keizer.nl\/de\/umgebung-von-harderwijk\/#breadcrumb\",\"itemListElement\":[{\"@type\":\"ListItem\",\"position\":1,\"name\":\"Home\",\"item\":\"https:\/\/studio-keizer.nl\/de\/home\/\"},{\"@type\":\"ListItem\",\"position\":2,\"name\":\"Umgebung von Harderwijk\"}]},{\"@type\":\"WebSite\",\"@id\":\"https:\/\/studio-keizer.nl\/de\/#website\",\"url\":\"https:\/\/studio-keizer.nl\/de\/\",\"name\":\"Studio-Keizer\",\"description\":\"\",\"publisher\":{\"@id\":\"https:\/\/studio-keizer.nl\/de\/#organization\"},\"potentialAction\":[{\"@type\":\"SearchAction\",\"target\":{\"@type\":\"EntryPoint\",\"urlTemplate\":\"https:\/\/studio-keizer.nl\/de\/?s={search_term_string}\"},\"query-input\":{\"@type\":\"PropertyValueSpecification\",\"valueRequired\":true,\"valueName\":\"search_term_string\"}}],\"inLanguage\":\"de\"},{\"@type\":\"Organization\",\"@id\":\"https:\/\/studio-keizer.nl\/de\/#organization\",\"name\":\"Studio-Keizer\",\"url\":\"https:\/\/studio-keizer.nl\/de\/\",\"logo\":{\"@type\":\"ImageObject\",\"inLanguage\":\"de\",\"@id\":\"https:\/\/studio-keizer.nl\/de\/#\/schema\/logo\/image\/\",\"url\":\"https:\/\/studio-keizer.nl\/wp-content\/uploads\/2025\/03\/logo-studio-keizer-def-rond-01-1.png\",\"contentUrl\":\"https:\/\/studio-keizer.nl\/wp-content\/uploads\/2025\/03\/logo-studio-keizer-def-rond-01-1.png\",\"width\":543,\"height\":585,\"caption\":\"Studio-Keizer\"},\"image\":{\"@id\":\"https:\/\/studio-keizer.nl\/de\/#\/schema\/logo\/image\/\"}}]}<\/script>\n<!-- \/ Yoast SEO plugin. -->","yoast_head_json":{"title":"Umgebung von Harderwijk - Studio-Keizer","robots":{"index":"index","follow":"follow","max-snippet":"max-snippet:-1","max-image-preview":"max-image-preview:large","max-video-preview":"max-video-preview:-1"},"canonical":"https:\/\/studio-keizer.nl\/de\/umgebung-von-harderwijk\/","og_locale":"de_DE","og_type":"article","og_title":"Umgebung von Harderwijk - Studio-Keizer","og_description":"Umgebung von HarderwijkDas Studio liegt sehr zentral im historischen Stadtzentrum von Harderwijk. Auf welchem Weg Sie auch gehen, es gibt immer etwas zu sehen. Der alte Fischereihafen, der Boulevard, der Vischmarkt mit nicht weniger als zwei Michelin-Stern-Restaurants und dem Vischpoort, der Stadtstrand, an dem man die sch\u00f6nsten Sonnenunterg\u00e4nge erleben kann, und nicht zuletzt der Markt [&hellip;]","og_url":"https:\/\/studio-keizer.nl\/de\/umgebung-von-harderwijk\/","og_site_name":"Studio-Keizer","article_modified_time":"2025-08-16T09:29:47+00:00","twitter_card":"summary_large_image","twitter_misc":{"Gesch\u00e4tzte Lesezeit":"7\u00a0Minuten"},"schema":{"@context":"https:\/\/schema.org","@graph":[{"@type":"WebPage","@id":"https:\/\/studio-keizer.nl\/de\/umgebung-von-harderwijk\/","url":"https:\/\/studio-keizer.nl\/de\/umgebung-von-harderwijk\/","name":"Umgebung von Harderwijk - Studio-Keizer","isPartOf":{"@id":"https:\/\/studio-keizer.nl\/de\/#website"},"datePublished":"2025-03-29T14:11:46+00:00","dateModified":"2025-08-16T09:29:47+00:00","breadcrumb":{"@id":"https:\/\/studio-keizer.nl\/de\/umgebung-von-harderwijk\/#breadcrumb"},"inLanguage":"de","potentialAction":[{"@type":"ReadAction","target":["https:\/\/studio-keizer.nl\/de\/umgebung-von-harderwijk\/"]}]},{"@type":"BreadcrumbList","@id":"https:\/\/studio-keizer.nl\/de\/umgebung-von-harderwijk\/#breadcrumb","itemListElement":[{"@type":"ListItem","position":1,"name":"Home","item":"https:\/\/studio-keizer.nl\/de\/home\/"},{"@type":"ListItem","position":2,"name":"Umgebung von Harderwijk"}]},{"@type":"WebSite","@id":"https:\/\/studio-keizer.nl\/de\/#website","url":"https:\/\/studio-keizer.nl\/de\/","name":"Studio-Keizer","description":"","publisher":{"@id":"https:\/\/studio-keizer.nl\/de\/#organization"},"potentialAction":[{"@type":"SearchAction","target":{"@type":"EntryPoint","urlTemplate":"https:\/\/studio-keizer.nl\/de\/?s={search_term_string}"},"query-input":{"@type":"PropertyValueSpecification","valueRequired":true,"valueName":"search_term_string"}}],"inLanguage":"de"},{"@type":"Organization","@id":"https:\/\/studio-keizer.nl\/de\/#organization","name":"Studio-Keizer","url":"https:\/\/studio-keizer.nl\/de\/","logo":{"@type":"ImageObject","inLanguage":"de","@id":"https:\/\/studio-keizer.nl\/de\/#\/schema\/logo\/image\/","url":"https:\/\/studio-keizer.nl\/wp-content\/uploads\/2025\/03\/logo-studio-keizer-def-rond-01-1.png","contentUrl":"https:\/\/studio-keizer.nl\/wp-content\/uploads\/2025\/03\/logo-studio-keizer-def-rond-01-1.png","width":543,"height":585,"caption":"Studio-Keizer"},"image":{"@id":"https:\/\/studio-keizer.nl\/de\/#\/schema\/logo\/image\/"}}]}},"_links":{"self":[{"href":"https:\/\/studio-keizer.nl\/de\/wp-json\/wp\/v2\/pages\/613","targetHints":{"allow":["GET"]}}],"collection":[{"href":"https:\/\/studio-keizer.nl\/de\/wp-json\/wp\/v2\/pages"}],"about":[{"href":"https:\/\/studio-keizer.nl\/de\/wp-json\/wp\/v2\/types\/page"}],"author":[{"embeddable":true,"href":"https:\/\/studio-keizer.nl\/de\/wp-json\/wp\/v2\/users\/1"}],"replies":[{"embeddable":true,"href":"https:\/\/studio-keizer.nl\/de\/wp-json\/wp\/v2\/comments?post=613"}],"version-history":[{"count":4,"href":"https:\/\/studio-keizer.nl\/de\/wp-json\/wp\/v2\/pages\/613\/revisions"}],"predecessor-version":[{"id":755,"href":"https:\/\/studio-keizer.nl\/de\/wp-json\/wp\/v2\/pages\/613\/revisions\/755"}],"wp:attachment":[{"href":"https:\/\/studio-keizer.nl\/de\/wp-json\/wp\/v2\/media?parent=613"}],"curies":[{"name":"wp","href":"https:\/\/api.w.org\/{rel}","templated":true}]}}