{"id":610,"date":"2025-03-29T14:14:35","date_gmt":"2025-03-29T14:14:35","guid":{"rendered":"https:\/\/studio-keizer.nl\/optionen\/"},"modified":"2025-09-21T13:41:48","modified_gmt":"2025-09-21T13:41:48","slug":"optionen","status":"publish","type":"page","link":"https:\/\/studio-keizer.nl\/de\/optionen\/","title":{"rendered":"Optionen"},"content":{"rendered":"<p>[et_pb_section fb_built=&#8220;1&#8243; _builder_version=&#8220;4.27.4&#8243; _module_preset=&#8220;default&#8220; background_color=&#8220;gcid-be85d942-06b5-460b-bcaf-995dfae8c055&#8243; custom_padding=&#8220;0px||0px||false|false&#8220; locked=&#8220;off&#8220; global_colors_info=&#8220;{%22gcid-be85d942-06b5-460b-bcaf-995dfae8c055%22:%91%22background_color%22%93}&#8220;][et_pb_row column_structure=&#8220;1_2,1_2&#8243; use_custom_gutter=&#8220;on&#8220; gutter_width=&#8220;1&#8243; make_equal=&#8220;on&#8220; _builder_version=&#8220;4.27.4&#8243; _module_preset=&#8220;default&#8220; width=&#8220;100%&#8220; custom_padding=&#8220;0px||0px||false|false&#8220; global_colors_info=&#8220;{}&#8220;][et_pb_column type=&#8220;1_2&#8243; _builder_version=&#8220;4.27.4&#8243; _module_preset=&#8220;default&#8220; custom_padding=&#8220;|4%||5%|false|false&#8220; custom_padding_tablet=&#8220;5%|5%|5%|5%|true|false&#8220; custom_padding_phone=&#8220;10%||10%||true|false&#8220; custom_padding_last_edited=&#8220;on|phone&#8220; custom_css_main_element=&#8220;margin: auto auto;&#8220; global_colors_info=&#8220;{}&#8220;][et_pb_text _builder_version=&#8220;4.27.4&#8243; _module_preset=&#8220;default&#8220; header_font=&#8220;|600|||||||&#8220; header_font_size=&#8220;28px&#8220; header_2_font=&#8220;|300|||||||&#8220; header_2_text_align=&#8220;left&#8220; header_2_font_size=&#8220;30px&#8220; text_orientation=&#8220;center&#8220; global_colors_info=&#8220;{}&#8220;]<\/p>\n<h2>Auf Anfrage<\/h2>\n<p>[\/et_pb_text][et_pb_text _builder_version=&#8220;4.27.4&#8243; _module_preset=&#8220;default&#8220; text_text_color=&#8220;#000000&#8243; text_font_size=&#8220;16px&#8220; hover_enabled=&#8220;0&#8243; global_colors_info=&#8220;{%22gcid-21498117-8b4a-4fb2-a155-1d098cc390c8%22:%91%22link_text_color%22%93}&#8220; sticky_enabled=&#8220;0&#8243; link_text_color=&#8220;gcid-21498117-8b4a-4fb2-a155-1d098cc390c8&#8243;]<\/p>\n<p>Fr\u00fchst\u00fccksarrangement <a href=\"https:\/\/leutharderwijk.nl\/\">Leut<\/a> x Studio Keizer <span style=\"float: right;\">\u20ac 22,50 p.p.<\/span><\/p>\n<p>Fr\u00fchst\u00fcck mit hausgemachten und lokalen Produkten <span style=\"float: right;\">\u20ac 18,50 p.p.<\/span><br \/>aufdem Zimmer (nach Verf\u00fcgbarkeit)<\/p>\n<p>\u201eDo-it-yourself-Fr\u00fchst\u00fcck\u201c im K\u00fchlschrank <span style=\"float: right;\">\u20ac 12,50 p.p.<\/span><\/p>\n<p>Haustier (kleiner Hund) nach Absprache <span style=\"float: right;\">\u20ac 15,00 p.n.<\/span><\/p>\n<p>Sup mieten <span style=\"float: right;\">\u20ac 25 p.d.<\/span><\/p>\n<p>Fahrrad mieten \u00fcber <a href=\"https:\/\/outdoorharderwijk.nl\/\">Outdoor Harderwijk<\/a>* <span style=\"float: right;\">ab \u20ac 15,00 p.d.<\/span><\/p>\n<p>*Das Fahrrad muss im Voraus reserviert werden, damit es f\u00fcr Ihren Aufenthalt bereitsteht.<\/p>\n<p>[\/et_pb_text][\/et_pb_column][et_pb_column type=&#8220;1_2&#8243; _builder_version=&#8220;4.27.4&#8243; _module_preset=&#8220;default&#8220; background_enable_image=&#8220;off&#8220; global_colors_info=&#8220;{}&#8220;][et_pb_image src=&#8220;https:\/\/studio-keizer.nl\/wp-content\/uploads\/2025\/04\/Studio-Keizer-Bed-en-Breakfast-Ontbijt-scaled.jpg&#8220; title_text=&#8220;Studio-Keizer Bed en Breakfast Fr\u00fchst\u00fcck&#8220; _builder_version=&#8220;4.27.4&#8243; _module_preset=&#8220;default&#8220; global_colors_info=&#8220;{}&#8220;][\/et_pb_image][\/et_pb_column][\/et_pb_row][\/et_pb_section][et_pb_section fb_built=&#8220;1&#8243; _builder_version=&#8220;4.27.4&#8243; _module_preset=&#8220;default&#8220; background_color=&#8220;gcid-be85d942-06b5-460b-bcaf-995dfae8c055&#8243; custom_padding=&#8220;0px||0px||false|false&#8220; locked=&#8220;off&#8220; global_colors_info=&#8220;{%22gcid-be85d942-06b5-460b-bcaf-995dfae8c055%22:%91%22background_color%22%93}&#8220;][et_pb_row column_structure=&#8220;1_2,1_2&#8243; use_custom_gutter=&#8220;on&#8220; gutter_width=&#8220;1&#8243; make_equal=&#8220;on&#8220; module_class=&#8220;stacking_row&#8220; _builder_version=&#8220;4.27.4&#8243; _module_preset=&#8220;default&#8220; width=&#8220;100%&#8220; custom_padding=&#8220;0px||0px||false|false&#8220; global_colors_info=&#8220;{}&#8220;][et_pb_column type=&#8220;1_2&#8243; module_class=&#8220;first-on-mobile&#8220; _builder_version=&#8220;4.27.4&#8243; _module_preset=&#8220;default&#8220; background_enable_image=&#8220;off&#8220; global_colors_info=&#8220;{}&#8220;][et_pb_image src=&#8220;https:\/\/studio-keizer.nl\/wp-content\/uploads\/2025\/03\/LEUT-social-back-up-1200&#215;630-px.png&#8220; title_text=&#8220;LEUT-social-back-up-1200&#215;630-px&#8220; _builder_version=&#8220;4.27.4&#8243; _module_preset=&#8220;default&#8220; global_colors_info=&#8220;{}&#8220;][\/et_pb_image][\/et_pb_column][et_pb_column type=&#8220;1_2&#8243; _builder_version=&#8220;4.27.4&#8243; _module_preset=&#8220;default&#8220; custom_padding=&#8220;|4%||5%|false|false&#8220; custom_padding_tablet=&#8220;5%|5%|5%|5%|true|false&#8220; custom_padding_phone=&#8220;10%||10%||true|false&#8220; custom_padding_last_edited=&#8220;on|phone&#8220; custom_css_main_element=&#8220;margin: auto auto;&#8220; global_colors_info=&#8220;{}&#8220;][et_pb_text _builder_version=&#8220;4.27.4&#8243; _module_preset=&#8220;default&#8220; header_font=&#8220;|600|||||||&#8220; header_font_size=&#8220;28px&#8220; header_2_font=&#8220;|300|||||||&#8220; header_2_text_align=&#8220;left&#8220; header_2_font_size=&#8220;30px&#8220; text_orientation=&#8220;center&#8220; global_colors_info=&#8220;{}&#8220;]<\/p>\n<h2>Fr\u00fchst\u00fcckspaket Leut<\/h2>\n<p>[\/et_pb_text][et_pb_text _builder_version=&#8220;4.27.4&#8243; _module_preset=&#8220;default&#8220; text_text_color=&#8220;#000000&#8243; text_font_size=&#8220;16px&#8220; hover_enabled=&#8220;0&#8243; global_colors_info=&#8220;{%22gcid-21498117-8b4a-4fb2-a155-1d098cc390c8%22:%91%22link_text_color%22%93}&#8220; link_text_color=&#8220;gcid-21498117-8b4a-4fb2-a155-1d098cc390c8&#8243; sticky_enabled=&#8220;0&#8243;]<\/p>\n<div class=\"page\" title=\"Page 1\">\n<div class=\"section\">\n<div class=\"layoutArea\">\n<div class=\"column\">\n<p><span>Nur f\u00fcr <\/span><span>\u20ac22,50 <\/span> <span>Pro Person k\u00f6nnen Sie bei Leut gem\u00fctlich fr\u00fchst\u00fccken. Dieses Arrangement kann ab 2 Personen gebucht werden und besteht aus einem Fr\u00fchst\u00fccksbrett mit Joghurt, Croissant, French Toast und belegten Sauerteigbr\u00f6tchen. Das Arrangement beinhaltet ein hei\u00dfes Getr\u00e4nk und frischen Saft. Anstelle des Arrangements ist es auch m\u00f6glich, Gerichte von der Brunchkarte zu <\/span><span>bestellen. Sie k\u00f6nnen das Men\u00fc unter <a href=\"https:\/\/leutharderwijk.nl\/\">Leut Harderwijk <\/a>einsehen.<\/span><\/p>\n<\/div>\n<\/div>\n<\/div>\n<\/div>\n<p>[\/et_pb_text][\/et_pb_column][\/et_pb_row][\/et_pb_section][et_pb_section fb_built=&#8220;1&#8243; _builder_version=&#8220;4.27.4&#8243; _module_preset=&#8220;default&#8220; background_color=&#8220;gcid-be85d942-06b5-460b-bcaf-995dfae8c055&#8243; custom_padding=&#8220;0px||0px||false|false&#8220; locked=&#8220;off&#8220; global_colors_info=&#8220;{%22gcid-be85d942-06b5-460b-bcaf-995dfae8c055%22:%91%22background_color%22%93}&#8220;][et_pb_row column_structure=&#8220;1_2,1_2&#8243; use_custom_gutter=&#8220;on&#8220; gutter_width=&#8220;1&#8243; make_equal=&#8220;on&#8220; module_class=&#8220;stacking_row&#8220; _builder_version=&#8220;4.27.4&#8243; _module_preset=&#8220;default&#8220; width=&#8220;100%&#8220; custom_padding=&#8220;0px||0px||false|false&#8220; global_colors_info=&#8220;{}&#8220;][et_pb_column type=&#8220;1_2&#8243; _builder_version=&#8220;4.27.4&#8243; _module_preset=&#8220;default&#8220; custom_padding=&#8220;|4%||5%|false|false&#8220; custom_padding_tablet=&#8220;5%|5%|5%|5%|true|false&#8220; custom_padding_phone=&#8220;10%||10%||true|false&#8220; custom_padding_last_edited=&#8220;on|phone&#8220; custom_css_main_element=&#8220;margin: auto auto;&#8220; global_colors_info=&#8220;{}&#8220;][et_pb_text _builder_version=&#8220;4.27.4&#8243; _module_preset=&#8220;default&#8220; header_font=&#8220;|600|||||||&#8220; header_font_size=&#8220;28px&#8220; header_2_font=&#8220;|300|||||||&#8220; header_2_text_align=&#8220;left&#8220; header_2_font_size=&#8220;30px&#8220; text_orientation=&#8220;center&#8220; global_colors_info=&#8220;{}&#8220;]<\/p>\n<h2>Fahrradverleih bei Outdoor Harderwijk<\/h2>\n<p>[\/et_pb_text][et_pb_text _builder_version=&#8220;4.27.4&#8243; _module_preset=&#8220;default&#8220; text_text_color=&#8220;#000000&#8243; text_font_size=&#8220;16px&#8220; link_text_color=&#8220;gcid-21498117-8b4a-4fb2-a155-1d098cc390c8&#8243; global_colors_info=&#8220;{%22gcid-21498117-8b4a-4fb2-a155-1d098cc390c8%22:%91%22link_text_color%22%93}&#8220;]<\/p>\n<div class=\"page\" title=\"Page 1\">\n<div class=\"section\">\n<div class=\"layoutArea\">\n<div class=\"column\">\n<p>M\u00f6chten Sie Harderwijk und die Veluwe auf aktive und entspannte Weise erkunden? Dann mieten Sie ein Fahrrad bei Outdoor Harderwijk! Mit unseren Citybikes, E-Bikes und Mountainbikes gelangen Sie m\u00fchelos entlang der Promenade, durch historische Gassen und quer durch die wundersch\u00f6ne Natur. So erleben Sie Harderwijk und die Veluwe auf einzigartige und unbeschwerte Weise. Alle M\u00f6glichkeiten finden Sie unter: <a href=\"https:\/\/outdoorharderwijk.nl\/\">Outdoor Harderwijk<\/a>.<\/p>\n<\/div>\n<\/div>\n<\/div>\n<\/div>\n<p>[\/et_pb_text][\/et_pb_column][et_pb_column type=&#8220;1_2&#8243; module_class=&#8220;first-on-mobile&#8220; _builder_version=&#8220;4.27.4&#8243; _module_preset=&#8220;default&#8220; background_enable_image=&#8220;off&#8220; global_colors_info=&#8220;{}&#8220;][et_pb_image src=&#8220;https:\/\/studio-keizer.nl\/wp-content\/uploads\/2025\/09\/man-en-vrouw-op-elektrische-fiets-op-veluwse-heide.avif&#8220; title_text=&#8220;Mann und Frau auf Elektrofahrrad auf der Veluwse Heide&#8220; _builder_version=&#8220;4.27.4&#8243; _module_preset=&#8220;default&#8220; global_colors_info=&#8220;{}&#8220;][\/et_pb_image][\/et_pb_column][\/et_pb_row][\/et_pb_section]<\/p>\n","protected":false},"excerpt":{"rendered":"<p>Auf AnfrageFr\u00fchst\u00fccksarrangement Leut x Studio Keizer \u20ac 22,50 p.p. Fr\u00fchst\u00fcck mit hausgemachten und lokalen Produkten \u20ac 18,50 p.p.aufdem Zimmer (nach Verf\u00fcgbarkeit) \u201eDo-it-yourself-Fr\u00fchst\u00fcck\u201c im K\u00fchlschrank \u20ac 12,50 p.p. Haustier (kleiner Hund) nach Absprache \u20ac 15,00 p.n. Sup mieten \u20ac 25 p.d. Fahrrad mieten \u00fcber Outdoor Harderwijk* ab \u20ac 15,00 p.d. *Das Fahrrad muss im Voraus reserviert [&hellip;]<\/p>\n","protected":false},"author":1,"featured_media":0,"parent":0,"menu_order":0,"comment_status":"closed","ping_status":"closed","template":"","meta":{"_et_pb_use_builder":"on","_et_pb_old_content":"","_et_gb_content_width":"","footnotes":""},"class_list":["post-610","page","type-page","status-publish","hentry"],"yoast_head":"<!-- This site is optimized with the Yoast SEO plugin v24.9 - https:\/\/yoast.com\/wordpress\/plugins\/seo\/ -->\n<title>Optionen - Studio-Keizer<\/title>\n<meta name=\"robots\" content=\"index, follow, max-snippet:-1, max-image-preview:large, max-video-preview:-1\" \/>\n<link rel=\"canonical\" href=\"https:\/\/studio-keizer.nl\/de\/optionen\/\" \/>\n<meta property=\"og:locale\" content=\"de_DE\" \/>\n<meta property=\"og:type\" content=\"article\" \/>\n<meta property=\"og:title\" content=\"Optionen - Studio-Keizer\" \/>\n<meta property=\"og:description\" content=\"Auf AnfrageFr\u00fchst\u00fccksarrangement Leut x Studio Keizer \u20ac 22,50 p.p. Fr\u00fchst\u00fcck mit hausgemachten und lokalen Produkten \u20ac 18,50 p.p.aufdem Zimmer (nach Verf\u00fcgbarkeit) \u201eDo-it-yourself-Fr\u00fchst\u00fcck\u201c im K\u00fchlschrank \u20ac 12,50 p.p. Haustier (kleiner Hund) nach Absprache \u20ac 15,00 p.n. Sup mieten \u20ac 25 p.d. Fahrrad mieten \u00fcber Outdoor Harderwijk* ab \u20ac 15,00 p.d. *Das Fahrrad muss im Voraus reserviert [&hellip;]\" \/>\n<meta property=\"og:url\" content=\"https:\/\/studio-keizer.nl\/de\/optionen\/\" \/>\n<meta property=\"og:site_name\" content=\"Studio-Keizer\" \/>\n<meta property=\"article:modified_time\" content=\"2025-09-21T13:41:48+00:00\" \/>\n<meta name=\"twitter:card\" content=\"summary_large_image\" \/>\n<meta name=\"twitter:label1\" content=\"Gesch\u00e4tzte Lesezeit\" \/>\n\t<meta name=\"twitter:data1\" content=\"5\u00a0Minuten\" \/>\n<script type=\"application\/ld+json\" class=\"yoast-schema-graph\">{\"@context\":\"https:\/\/schema.org\",\"@graph\":[{\"@type\":\"WebPage\",\"@id\":\"https:\/\/studio-keizer.nl\/de\/optionen\/\",\"url\":\"https:\/\/studio-keizer.nl\/de\/optionen\/\",\"name\":\"Optionen - Studio-Keizer\",\"isPartOf\":{\"@id\":\"https:\/\/studio-keizer.nl\/de\/#website\"},\"datePublished\":\"2025-03-29T14:14:35+00:00\",\"dateModified\":\"2025-09-21T13:41:48+00:00\",\"breadcrumb\":{\"@id\":\"https:\/\/studio-keizer.nl\/de\/optionen\/#breadcrumb\"},\"inLanguage\":\"de\",\"potentialAction\":[{\"@type\":\"ReadAction\",\"target\":[\"https:\/\/studio-keizer.nl\/de\/optionen\/\"]}]},{\"@type\":\"BreadcrumbList\",\"@id\":\"https:\/\/studio-keizer.nl\/de\/optionen\/#breadcrumb\",\"itemListElement\":[{\"@type\":\"ListItem\",\"position\":1,\"name\":\"Home\",\"item\":\"https:\/\/studio-keizer.nl\/de\/home\/\"},{\"@type\":\"ListItem\",\"position\":2,\"name\":\"Optionen\"}]},{\"@type\":\"WebSite\",\"@id\":\"https:\/\/studio-keizer.nl\/de\/#website\",\"url\":\"https:\/\/studio-keizer.nl\/de\/\",\"name\":\"Studio-Keizer\",\"description\":\"\",\"publisher\":{\"@id\":\"https:\/\/studio-keizer.nl\/de\/#organization\"},\"potentialAction\":[{\"@type\":\"SearchAction\",\"target\":{\"@type\":\"EntryPoint\",\"urlTemplate\":\"https:\/\/studio-keizer.nl\/de\/?s={search_term_string}\"},\"query-input\":{\"@type\":\"PropertyValueSpecification\",\"valueRequired\":true,\"valueName\":\"search_term_string\"}}],\"inLanguage\":\"de\"},{\"@type\":\"Organization\",\"@id\":\"https:\/\/studio-keizer.nl\/de\/#organization\",\"name\":\"Studio-Keizer\",\"url\":\"https:\/\/studio-keizer.nl\/de\/\",\"logo\":{\"@type\":\"ImageObject\",\"inLanguage\":\"de\",\"@id\":\"https:\/\/studio-keizer.nl\/de\/#\/schema\/logo\/image\/\",\"url\":\"https:\/\/studio-keizer.nl\/wp-content\/uploads\/2025\/03\/logo-studio-keizer-def-rond-01-1.png\",\"contentUrl\":\"https:\/\/studio-keizer.nl\/wp-content\/uploads\/2025\/03\/logo-studio-keizer-def-rond-01-1.png\",\"width\":543,\"height\":585,\"caption\":\"Studio-Keizer\"},\"image\":{\"@id\":\"https:\/\/studio-keizer.nl\/de\/#\/schema\/logo\/image\/\"}}]}<\/script>\n<!-- \/ Yoast SEO plugin. -->","yoast_head_json":{"title":"Optionen - Studio-Keizer","robots":{"index":"index","follow":"follow","max-snippet":"max-snippet:-1","max-image-preview":"max-image-preview:large","max-video-preview":"max-video-preview:-1"},"canonical":"https:\/\/studio-keizer.nl\/de\/optionen\/","og_locale":"de_DE","og_type":"article","og_title":"Optionen - Studio-Keizer","og_description":"Auf AnfrageFr\u00fchst\u00fccksarrangement Leut x Studio Keizer \u20ac 22,50 p.p. Fr\u00fchst\u00fcck mit hausgemachten und lokalen Produkten \u20ac 18,50 p.p.aufdem Zimmer (nach Verf\u00fcgbarkeit) \u201eDo-it-yourself-Fr\u00fchst\u00fcck\u201c im K\u00fchlschrank \u20ac 12,50 p.p. Haustier (kleiner Hund) nach Absprache \u20ac 15,00 p.n. Sup mieten \u20ac 25 p.d. Fahrrad mieten \u00fcber Outdoor Harderwijk* ab \u20ac 15,00 p.d. *Das Fahrrad muss im Voraus reserviert [&hellip;]","og_url":"https:\/\/studio-keizer.nl\/de\/optionen\/","og_site_name":"Studio-Keizer","article_modified_time":"2025-09-21T13:41:48+00:00","twitter_card":"summary_large_image","twitter_misc":{"Gesch\u00e4tzte Lesezeit":"5\u00a0Minuten"},"schema":{"@context":"https:\/\/schema.org","@graph":[{"@type":"WebPage","@id":"https:\/\/studio-keizer.nl\/de\/optionen\/","url":"https:\/\/studio-keizer.nl\/de\/optionen\/","name":"Optionen - Studio-Keizer","isPartOf":{"@id":"https:\/\/studio-keizer.nl\/de\/#website"},"datePublished":"2025-03-29T14:14:35+00:00","dateModified":"2025-09-21T13:41:48+00:00","breadcrumb":{"@id":"https:\/\/studio-keizer.nl\/de\/optionen\/#breadcrumb"},"inLanguage":"de","potentialAction":[{"@type":"ReadAction","target":["https:\/\/studio-keizer.nl\/de\/optionen\/"]}]},{"@type":"BreadcrumbList","@id":"https:\/\/studio-keizer.nl\/de\/optionen\/#breadcrumb","itemListElement":[{"@type":"ListItem","position":1,"name":"Home","item":"https:\/\/studio-keizer.nl\/de\/home\/"},{"@type":"ListItem","position":2,"name":"Optionen"}]},{"@type":"WebSite","@id":"https:\/\/studio-keizer.nl\/de\/#website","url":"https:\/\/studio-keizer.nl\/de\/","name":"Studio-Keizer","description":"","publisher":{"@id":"https:\/\/studio-keizer.nl\/de\/#organization"},"potentialAction":[{"@type":"SearchAction","target":{"@type":"EntryPoint","urlTemplate":"https:\/\/studio-keizer.nl\/de\/?s={search_term_string}"},"query-input":{"@type":"PropertyValueSpecification","valueRequired":true,"valueName":"search_term_string"}}],"inLanguage":"de"},{"@type":"Organization","@id":"https:\/\/studio-keizer.nl\/de\/#organization","name":"Studio-Keizer","url":"https:\/\/studio-keizer.nl\/de\/","logo":{"@type":"ImageObject","inLanguage":"de","@id":"https:\/\/studio-keizer.nl\/de\/#\/schema\/logo\/image\/","url":"https:\/\/studio-keizer.nl\/wp-content\/uploads\/2025\/03\/logo-studio-keizer-def-rond-01-1.png","contentUrl":"https:\/\/studio-keizer.nl\/wp-content\/uploads\/2025\/03\/logo-studio-keizer-def-rond-01-1.png","width":543,"height":585,"caption":"Studio-Keizer"},"image":{"@id":"https:\/\/studio-keizer.nl\/de\/#\/schema\/logo\/image\/"}}]}},"_links":{"self":[{"href":"https:\/\/studio-keizer.nl\/de\/wp-json\/wp\/v2\/pages\/610","targetHints":{"allow":["GET"]}}],"collection":[{"href":"https:\/\/studio-keizer.nl\/de\/wp-json\/wp\/v2\/pages"}],"about":[{"href":"https:\/\/studio-keizer.nl\/de\/wp-json\/wp\/v2\/types\/page"}],"author":[{"embeddable":true,"href":"https:\/\/studio-keizer.nl\/de\/wp-json\/wp\/v2\/users\/1"}],"replies":[{"embeddable":true,"href":"https:\/\/studio-keizer.nl\/de\/wp-json\/wp\/v2\/comments?post=610"}],"version-history":[{"count":16,"href":"https:\/\/studio-keizer.nl\/de\/wp-json\/wp\/v2\/pages\/610\/revisions"}],"predecessor-version":[{"id":791,"href":"https:\/\/studio-keizer.nl\/de\/wp-json\/wp\/v2\/pages\/610\/revisions\/791"}],"wp:attachment":[{"href":"https:\/\/studio-keizer.nl\/de\/wp-json\/wp\/v2\/media?parent=610"}],"curies":[{"name":"wp","href":"https:\/\/api.w.org\/{rel}","templated":true}]}}