{"id":605,"date":"2025-03-29T14:09:11","date_gmt":"2025-03-29T14:09:11","guid":{"rendered":"https:\/\/studio-keizer.nl\/kontakt\/"},"modified":"2025-07-09T19:08:52","modified_gmt":"2025-07-09T19:08:52","slug":"kontakt","status":"publish","type":"page","link":"https:\/\/studio-keizer.nl\/de\/kontakt\/","title":{"rendered":"Kontakt"},"content":{"rendered":"\n[et_pb_section fb_built=&#8220;1&#8243; _builder_version=&#8220;4.27.4&#8243; _module_preset=&#8220;default&#8220; background_color=&#8220;gcid-be85d942-06b5-460b-bcaf-995dfae8c055&#8243; custom_padding=&#8220;0px||0px||true|false&#8220; global_colors_info=&#8220;{%22gcid-be85d942-06b5-460b-bcaf-995dfae8c055%22:%91%22background_color%22%93}&#8220;][et_pb_row column_structure=&#8220;1_2,1_2&#8243; use_custom_gutter=&#8220;on&#8220; gutter_width=&#8220;1&#8243; make_equal=&#8220;on&#8220; _builder_version=&#8220;4.27.4&#8243; _module_preset=&#8220;default&#8220; width=&#8220;100%&#8220; custom_padding=&#8220;0px||0px||false|false&#8220; global_colors_info=&#8220;{}&#8220;][et_pb_column type=&#8220;1_2&#8243; _builder_version=&#8220;4.27.4&#8243; _module_preset=&#8220;default&#8220; custom_padding=&#8220;|5%||5%|false|true&#8220; custom_padding_tablet=&#8220;5%||5%||true|true&#8220; custom_padding_phone=&#8220;10%||10%||true|true&#8220; custom_padding_last_edited=&#8220;on|tablet&#8220; custom_css_main_element=&#8220;margin: auto auto;&#8220; global_colors_info=&#8220;{}&#8220;][et_pb_text _builder_version=&#8220;4.27.4&#8243; _module_preset=&#8220;default&#8220; header_font=&#8220;|300|||||||&#8220; header_font_size=&#8220;34px&#8220; locked=&#8220;off&#8220; global_colors_info=&#8220;{}&#8220;]<h1>Kontakt<\/h1>[\/et_pb_text][et_pb_text _builder_version=&#8220;4.27.4&#8243; _module_preset=&#8220;default&#8220; text_text_color=&#8220;#000000&#8243; text_font_size=&#8220;16px&#8220; max_width=&#8220;100%&#8220; module_alignment=&#8220;center&#8220; custom_padding=&#8220;||25px||false|false&#8220; locked=&#8220;off&#8220; global_colors_info=&#8220;{}&#8220;]<p>Haben Sie noch Fragen oder k\u00f6nnen wir Ihnen weiterhelfen? Dann k\u00f6nnen Sie uns \u00fcber die unten stehenden Kan\u00e4le oder \u00fcber das Kontaktformular erreichen.<\/p>[\/et_pb_text][et_pb_blurb title=&#8220;info@studio-keizer.nl&#8220; use_icon=&#8220;on&#8220; font_icon=&#8220;&#xe010;||divi||400&#8243; icon_color=&#8220;gcid-21498117-8b4a-4fb2-a155-1d098cc390c8&#8243; icon_placement=&#8220;left&#8220; image_icon_width=&#8220;24px&#8220; module_class=&#8220;link&#8220; _builder_version=&#8220;4.27.4&#8243; _module_preset=&#8220;default&#8220; header_font=&#8220;|600|||||||&#8220; header_font_size=&#8220;14px&#8220; image_icon_custom_margin=&#8220;-5px|0px|||false|false&#8220; image_icon_custom_padding=&#8220;|||1px|false|false&#8220; custom_margin=&#8220;||15px||false|false&#8220; custom_padding=&#8220;||0px||false|false&#8220; link_option_url=&#8220;mailto:info@studio-keizer.nl&#8220; locked=&#8220;off&#8220; global_colors_info=&#8220;{%22gcid-21498117-8b4a-4fb2-a155-1d098cc390c8%22:%91%22icon_color%22,%22icon_color%22,%22icon_color%22,%22icon_color%22%93}&#8220; header_text_color__hover_enabled=&#8220;on|desktop&#8220; header_text_color__hover=&#8220;#d85c32&#8243;][\/et_pb_blurb][et_pb_blurb title=&#8220;@studiokeizerbb&#8220; use_icon=&#8220;on&#8220; font_icon=&#8220;&#xf16d;||fa||400&#8243; icon_color=&#8220;gcid-21498117-8b4a-4fb2-a155-1d098cc390c8&#8243; icon_placement=&#8220;left&#8220; image_icon_width=&#8220;28px&#8220; module_class=&#8220;link&#8220; _builder_version=&#8220;4.27.4&#8243; _module_preset=&#8220;default&#8220; header_font=&#8220;|600|||||||&#8220; header_font_size=&#8220;14px&#8220; image_icon_custom_margin=&#8220;-6px|0px|||false|false&#8220; image_icon_custom_padding=&#8220;|||1px|false|false&#8220; custom_margin=&#8220;||15px||false|false&#8220; custom_padding=&#8220;||0px||false|false&#8220; link_option_url=&#8220;https:\/\/www.instagram.com\/studiokeizerbb?igsh=MWdhbGprMGx3bGVkYg==&#8220; locked=&#8220;off&#8220; global_colors_info=&#8220;{%22gcid-21498117-8b4a-4fb2-a155-1d098cc390c8%22:%91%22icon_color%22,%22icon_color%22%93}&#8220; header_text_color__hover_enabled=&#8220;on|hover&#8220; header_text_color__hover=&#8220;#d85c32&#8243;][\/et_pb_blurb][et_pb_blurb title=&#8220;+31 6 25025657&#8243; use_icon=&#8220;on&#8220; font_icon=&#8220;&#xe090;||divi||400&#8243; icon_color=&#8220;gcid-21498117-8b4a-4fb2-a155-1d098cc390c8&#8243; icon_placement=&#8220;left&#8220; image_icon_width=&#8220;25px&#8220; module_class=&#8220;link&#8220; _builder_version=&#8220;4.27.4&#8243; _module_preset=&#8220;default&#8220; header_font=&#8220;|600|||||||&#8220; header_font_size=&#8220;14px&#8220; image_icon_custom_margin=&#8220;-6px|0px|||false|false&#8220; image_icon_custom_padding=&#8220;|||1px|false|false&#8220; custom_margin=&#8220;||15px||false|false&#8220; custom_padding=&#8220;||0px||false|false&#8220; link_option_url=&#8220;tel:+31625025657&#8243; locked=&#8220;off&#8220; global_colors_info=&#8220;{%22gcid-21498117-8b4a-4fb2-a155-1d098cc390c8%22:%91%22icon_color%22,%22icon_color%22%93}&#8220; header_text_color__hover_enabled=&#8220;on|hover&#8220; header_text_color__hover=&#8220;#d85c32&#8243;][\/et_pb_blurb][et_pb_blurb title=&#8220;Jetzt buchen&#8220; use_icon=&#8220;on&#8220; font_icon=&#8220;&#xe023;||divi||400&#8243; icon_color=&#8220;gcid-21498117-8b4a-4fb2-a155-1d098cc390c8&#8243; icon_placement=&#8220;left&#8220; image_icon_width=&#8220;23px&#8220; module_class=&#8220;link&#8220; _builder_version=&#8220;4.27.4&#8243; _module_preset=&#8220;default&#8220; header_font=&#8220;|600|||||||&#8220; header_font_size=&#8220;14px&#8220; image_icon_custom_margin=&#8220;-5px|0px|||false|false&#8220; image_icon_custom_padding=&#8220;|||2px|false|false&#8220; custom_margin=&#8220;||15px||false|false&#8220; custom_padding=&#8220;||0px||false|false&#8220; link_option_url=&#8220;https:\/\/studio-keizer.nl\/reserveren\/&#8220; locked=&#8220;off&#8220; global_colors_info=&#8220;{%22gcid-21498117-8b4a-4fb2-a155-1d098cc390c8%22:%91%22icon_color%22,%22icon_color%22%93}&#8220; header_text_color__hover_enabled=&#8220;on|hover&#8220; header_text_color__hover=&#8220;#d85c32&#8243;][\/et_pb_blurb][\/et_pb_column][et_pb_column type=&#8220;1_2&#8243; _builder_version=&#8220;4.27.4&#8243; _module_preset=&#8220;default&#8220; global_colors_info=&#8220;{}&#8220;][et_pb_image src=&#8220;https:\/\/studio-keizer.nl\/wp-content\/uploads\/2025\/04\/Studio-Keizer-Keizerstraat-5-Harderwijk-Contact-scaled.jpg&#8220; title_text=&#8220;Studio-Keizer Keizerstraat 5 Harderwijk Kontakt&#8220; _builder_version=&#8220;4.27.4&#8243; _module_preset=&#8220;default&#8220; global_colors_info=&#8220;{}&#8220;][\/et_pb_image][\/et_pb_column][\/et_pb_row][\/et_pb_section][et_pb_section fb_built=&#8220;1&#8243; _builder_version=&#8220;4.27.4&#8243; _module_preset=&#8220;default&#8220; background_color=&#8220;gcid-be85d942-06b5-460b-bcaf-995dfae8c055&#8243; custom_padding=&#8220;0px||0px||false|false&#8220; global_colors_info=&#8220;{%22gcid-be85d942-06b5-460b-bcaf-995dfae8c055%22:%91%22background_color%22%93}&#8220;][et_pb_row column_structure=&#8220;1_2,1_2&#8243; use_custom_gutter=&#8220;on&#8220; gutter_width=&#8220;1&#8243; make_equal=&#8220;on&#8220; module_class=&#8220;stacking_row&#8220; _builder_version=&#8220;4.27.4&#8243; _module_preset=&#8220;default&#8220; width=&#8220;100%&#8220; min_height_last_edited=&#8220;off|desktop&#8220; height_tablet=&#8220;&#8220; height_phone=&#8220;769px&#8220; height_last_edited=&#8220;on|phone&#8220; custom_padding=&#8220;0px||0px||false|false&#8220; global_colors_info=&#8220;{}&#8220;][et_pb_column type=&#8220;1_2&#8243; module_class=&#8220;second-on-mobile&#8220; _builder_version=&#8220;4.27.4&#8243; _module_preset=&#8220;default&#8220; global_colors_info=&#8220;{}&#8220;][et_pb_code _builder_version=&#8220;4.27.4&#8243; _module_preset=&#8220;default&#8220; global_colors_info=&#8220;{}&#8220; border_radii__hover_enabled=&#8220;on|desktop&#8220;]<iframe src=\"https:\/\/www.google.com\/maps\/embed?pb=!1m18!1m12!1m3!1d77984.41501481454!2d5.538571124179823!3d52.35205004421563!2m3!1f0!2f0!3f0!3m2!1i1024!2i768!4f13.1!3m3!1m2!1s0x47c633a41e5127af%3A0x2936a7011f7434d4!2sStudio%20Keizer%20B%26B!5e0!3m2!1snl!2snl!4v1743256646750!5m2!1snl!2snl\" width=\"800\" height=\"400\" style=\"border:0;\" allowfullscreen=\"\" loading=\"lazy\" referrerpolicy=\"no-referrer-when-downgrade\"><\/iframe>[\/et_pb_code][\/et_pb_column][et_pb_column type=&#8220;1_2&#8243; module_class=&#8220;first-on-mobile&#8220; _builder_version=&#8220;4.27.4&#8243; _module_preset=&#8220;default&#8220; custom_padding=&#8220;|5%||5%|false|true&#8220; custom_padding_tablet=&#8220;5%|5%|5%|5%|true|true&#8220; custom_padding_phone=&#8220;10%||0%||false|true&#8220; custom_padding_last_edited=&#8220;on|tablet&#8220; custom_css_main_element=&#8220;margin: auto auto;||&#8220; global_colors_info=&#8220;{}&#8220; custom_css_main_element_last_edited=&#8220;off|phone&#8220;][et_pb_text _builder_version=&#8220;4.27.4&#8243; _module_preset=&#8220;default&#8220; text_font=&#8220;|300|||||||&#8220; text_font_size=&#8220;16px&#8220; custom_margin=&#8220;||15px||false|false&#8220; custom_margin_tablet=&#8220;&#8220; custom_margin_phone=&#8220;||20px||false|false&#8220; custom_margin_last_edited=&#8220;on|phone&#8220; locked=&#8220;off&#8220; global_colors_info=&#8220;{}&#8220;]<h2>Studio-Keizer B&amp;B<\/h2>[\/et_pb_text][et_pb_blurb title=&#8220;Keizerstraat 5&#8243; use_icon=&#8220;on&#8220; font_icon=&#8220;&#xe01d;||divi||400&#8243; icon_color=&#8220;gcid-21498117-8b4a-4fb2-a155-1d098cc390c8&#8243; icon_placement=&#8220;left&#8220; _builder_version=&#8220;4.27.4&#8243; _module_preset=&#8220;default&#8220; header_font=&#8220;|600|||||||&#8220; body_font=&#8220;||||||||&#8220; body_text_color=&#8220;#000000&#8243; image_icon_custom_margin=&#8220;-6px||||false|false&#8220; image_icon_custom_padding=&#8220;|||1px|false|false&#8220; custom_padding=&#8220;||0px||false|false&#8220; link_option_url=&#8220;https:\/\/maps.app.goo.gl\/knuzUq78tHybpz8V6&#8243; locked=&#8220;off&#8220; global_colors_info=&#8220;{%22gcid-21498117-8b4a-4fb2-a155-1d098cc390c8%22:%91%22icon_color%22%93}&#8220; header_text_color__hover=&#8220;#d85c32&#8243; header_text_color__hover_enabled=&#8220;on|hover&#8220;]<p><span>3841 AD, Harderwijk<\/span><\/p>[\/et_pb_blurb][\/et_pb_column][\/et_pb_row][\/et_pb_section][et_pb_section fb_built=&#8220;1&#8243; custom_padding_last_edited=&#8220;on|phone&#8220; _builder_version=&#8220;4.27.4&#8243; _module_preset=&#8220;default&#8220; background_color=&#8220;gcid-be85d942-06b5-460b-bcaf-995dfae8c055&#8243; custom_padding=&#8220;40px||40px|||&#8220; custom_padding_tablet=&#8220;40px||40px|||&#8220; custom_padding_phone=&#8220;0px||40px||false|false&#8220; global_colors_info=&#8220;{%22gcid-be85d942-06b5-460b-bcaf-995dfae8c055%22:%91%22background_color%22%93}&#8220;][et_pb_row use_custom_gutter=&#8220;on&#8220; gutter_width=&#8220;2&#8243; _builder_version=&#8220;4.27.4&#8243; _module_preset=&#8220;default&#8220; width=&#8220;90%&#8220; custom_padding=&#8220;2px||0px|||&#8220; global_colors_info=&#8220;{}&#8220;][et_pb_column type=&#8220;4_4&#8243; _builder_version=&#8220;4.27.4&#8243; _module_preset=&#8220;default&#8220; custom_padding=&#8220;25px|25px|25px|25px|true|true&#8220; border_color_all=&#8220;#bbbbbb&#8220; global_colors_info=&#8220;{}&#8220;][et_pb_text _builder_version=&#8220;4.27.4&#8243; _module_preset=&#8220;default&#8220; header_font=&#8220;|600|||||||&#8220; header_font_size=&#8220;28px&#8220; header_2_font=&#8220;|700|||||||&#8220; header_2_text_align=&#8220;center&#8220; header_2_font_size=&#8220;30px&#8220; text_orientation=&#8220;center&#8220; locked=&#8220;off&#8220; global_colors_info=&#8220;{}&#8220;]<h2>Kontakt-Formular<\/h2>[\/et_pb_text][et_pb_contact_form captcha=&#8220;off&#8220; email=&#8220;info@studio-keizer.nl&#8220; submit_button_text=&#8220;senden&#8220; _builder_version=&#8220;4.27.4&#8243; _module_preset=&#8220;default&#8220; _unique_id=&#8220;582126ac-41ce-4cca-bf7a-8121b830ff00&#8243; form_field_background_color=&#8220;gcid-be85d942-06b5-460b-bcaf-995dfae8c055&#8243; form_field_focus_text_color=&#8220;#000000&#8243; custom_button=&#8220;on&#8220; button_text_size=&#8220;16px&#8220; button_text_color=&#8220;#FFFFFF&#8220; button_bg_color=&#8220;gcid-21498117-8b4a-4fb2-a155-1d098cc390c8&#8243; button_border_color=&#8220;gcid-21498117-8b4a-4fb2-a155-1d098cc390c8&#8243; custom_margin=&#8220;||||false|false&#8220; border_radii=&#8220;on|10px|10px|10px|10px&#8220; border_width_all=&#8220;1px&#8220; border_color_all=&#8220;#bbbbbb&#8220; global_colors_info=&#8220;{%22gcid-21498117-8b4a-4fb2-a155-1d098cc390c8%22:%91%22button_border_color%22,%22button_bg_color%22,%22button_text_color__hover%22%93,%22gcid-be85d942-06b5-460b-bcaf-995dfae8c055%22:%91%22form_field_background_color%22,%22button_bg_color__hover%22%93}&#8220; button_bg_color__hover_enabled=&#8220;on|hover&#8220; button_bg_color__hover=&#8220;#f6f6f6&#8243; button_bg_enable_color__hover=&#8220;on&#8220; button_text_color__hover_enabled=&#8220;on|hover&#8220; button_text_color__hover=&#8220;#d85c32&#8243;][et_pb_contact_field field_id=&#8220;Name&#8220; field_title=&#8220;Name&#8220; _builder_version=&#8220;4.16&#8243; global_colors_info=&#8220;{}&#8220; button_text_size__hover_enabled=&#8220;off&#8220; button_one_text_size__hover_enabled=&#8220;off&#8220; button_two_text_size__hover_enabled=&#8220;off&#8220; button_text_color__hover_enabled=&#8220;off&#8220; button_one_text_color__hover_enabled=&#8220;off&#8220; button_two_text_color__hover_enabled=&#8220;off&#8220; button_border_width__hover_enabled=&#8220;off&#8220; button_one_border_width__hover_enabled=&#8220;off&#8220; button_two_border_width__hover_enabled=&#8220;off&#8220; button_border_color__hover_enabled=&#8220;off&#8220; button_one_border_color__hover_enabled=&#8220;off&#8220; button_two_border_color__hover_enabled=&#8220;off&#8220; button_border_radius__hover_enabled=&#8220;off&#8220; button_one_border_radius__hover_enabled=&#8220;off&#8220; button_two_border_radius__hover_enabled=&#8220;off&#8220; button_letter_spacing__hover_enabled=&#8220;off&#8220; button_one_letter_spacing__hover_enabled=&#8220;off&#8220; button_two_letter_spacing__hover_enabled=&#8220;off&#8220; button_bg_color__hover_enabled=&#8220;off&#8220; button_one_bg_color__hover_enabled=&#8220;off&#8220; button_two_bg_color__hover_enabled=&#8220;off&#8220;][\/et_pb_contact_field][et_pb_contact_field field_id=&#8220;Email&#8220; field_title=&#8220;E-Mail Adresse&#8220; field_type=&#8220;email&#8220; _builder_version=&#8220;4.16&#8243; global_colors_info=&#8220;{}&#8220; button_text_size__hover_enabled=&#8220;off&#8220; button_one_text_size__hover_enabled=&#8220;off&#8220; button_two_text_size__hover_enabled=&#8220;off&#8220; button_text_color__hover_enabled=&#8220;off&#8220; button_one_text_color__hover_enabled=&#8220;off&#8220; button_two_text_color__hover_enabled=&#8220;off&#8220; button_border_width__hover_enabled=&#8220;off&#8220; button_one_border_width__hover_enabled=&#8220;off&#8220; button_two_border_width__hover_enabled=&#8220;off&#8220; button_border_color__hover_enabled=&#8220;off&#8220; button_one_border_color__hover_enabled=&#8220;off&#8220; button_two_border_color__hover_enabled=&#8220;off&#8220; button_border_radius__hover_enabled=&#8220;off&#8220; button_one_border_radius__hover_enabled=&#8220;off&#8220; button_two_border_radius__hover_enabled=&#8220;off&#8220; button_letter_spacing__hover_enabled=&#8220;off&#8220; button_one_letter_spacing__hover_enabled=&#8220;off&#8220; button_two_letter_spacing__hover_enabled=&#8220;off&#8220; button_bg_color__hover_enabled=&#8220;off&#8220; button_one_bg_color__hover_enabled=&#8220;off&#8220; button_two_bg_color__hover_enabled=&#8220;off&#8220;][\/et_pb_contact_field][et_pb_contact_field field_id=&#8220;Message&#8220; field_title=&#8220;Nachricht&#8220; field_type=&#8220;text&#8220; fullwidth_field=&#8220;on&#8220; _builder_version=&#8220;4.16&#8243; global_colors_info=&#8220;{}&#8220; button_text_size__hover_enabled=&#8220;off&#8220; button_one_text_size__hover_enabled=&#8220;off&#8220; button_two_text_size__hover_enabled=&#8220;off&#8220; button_text_color__hover_enabled=&#8220;off&#8220; button_one_text_color__hover_enabled=&#8220;off&#8220; button_two_text_color__hover_enabled=&#8220;off&#8220; button_border_width__hover_enabled=&#8220;off&#8220; button_one_border_width__hover_enabled=&#8220;off&#8220; button_two_border_width__hover_enabled=&#8220;off&#8220; button_border_color__hover_enabled=&#8220;off&#8220; button_one_border_color__hover_enabled=&#8220;off&#8220; button_two_border_color__hover_enabled=&#8220;off&#8220; button_border_radius__hover_enabled=&#8220;off&#8220; button_one_border_radius__hover_enabled=&#8220;off&#8220; button_two_border_radius__hover_enabled=&#8220;off&#8220; button_letter_spacing__hover_enabled=&#8220;off&#8220; button_one_letter_spacing__hover_enabled=&#8220;off&#8220; button_two_letter_spacing__hover_enabled=&#8220;off&#8220; button_bg_color__hover_enabled=&#8220;off&#8220; button_one_bg_color__hover_enabled=&#8220;off&#8220; button_two_bg_color__hover_enabled=&#8220;off&#8220;][\/et_pb_contact_field][\/et_pb_contact_form][\/et_pb_column][\/et_pb_row][\/et_pb_section]\n","protected":false},"excerpt":{"rendered":"<p>KontaktHaben Sie noch Fragen oder k\u00f6nnen wir Ihnen weiterhelfen? Dann k\u00f6nnen Sie uns \u00fcber die unten stehenden Kan\u00e4le oder \u00fcber das Kontaktformular erreichen.Studio-Keizer B&amp;B3841 AD, HarderwijkKontakt-Formular<\/p>\n","protected":false},"author":1,"featured_media":0,"parent":0,"menu_order":0,"comment_status":"closed","ping_status":"closed","template":"","meta":{"_et_pb_use_builder":"on","_et_pb_old_content":"","_et_gb_content_width":"","footnotes":""},"class_list":["post-605","page","type-page","status-publish","hentry"],"yoast_head":"<!-- This site is optimized with the Yoast SEO plugin v24.9 - https:\/\/yoast.com\/wordpress\/plugins\/seo\/ -->\n<title>Kontakt - Bed &amp; Breakfast Studio Keizer<\/title>\n<meta name=\"robots\" content=\"index, follow, max-snippet:-1, max-image-preview:large, max-video-preview:-1\" \/>\n<link rel=\"canonical\" href=\"https:\/\/studio-keizer.nl\/de\/kontakt\/\" \/>\n<meta property=\"og:locale\" content=\"de_DE\" \/>\n<meta property=\"og:type\" content=\"article\" \/>\n<meta property=\"og:title\" content=\"Kontakt - Bed &amp; Breakfast Studio Keizer\" \/>\n<meta property=\"og:description\" content=\"KontaktHaben Sie noch Fragen oder k\u00f6nnen wir Ihnen weiterhelfen? Dann k\u00f6nnen Sie uns \u00fcber die unten stehenden Kan\u00e4le oder \u00fcber das Kontaktformular erreichen.Studio-Keizer B&amp;B3841 AD, HarderwijkKontakt-Formular\" \/>\n<meta property=\"og:url\" content=\"https:\/\/studio-keizer.nl\/de\/kontakt\/\" \/>\n<meta property=\"og:site_name\" content=\"Studio-Keizer\" \/>\n<meta property=\"article:modified_time\" content=\"2025-07-09T19:08:52+00:00\" \/>\n<meta name=\"twitter:card\" content=\"summary_large_image\" \/>\n<meta name=\"twitter:label1\" content=\"Gesch\u00e4tzte Lesezeit\" \/>\n\t<meta name=\"twitter:data1\" content=\"9\u00a0Minuten\" \/>\n<script type=\"application\/ld+json\" class=\"yoast-schema-graph\">{\"@context\":\"https:\/\/schema.org\",\"@graph\":[{\"@type\":\"WebPage\",\"@id\":\"https:\/\/studio-keizer.nl\/de\/kontakt\/\",\"url\":\"https:\/\/studio-keizer.nl\/de\/kontakt\/\",\"name\":\"Kontakt - Bed & Breakfast Studio Keizer\",\"isPartOf\":{\"@id\":\"https:\/\/studio-keizer.nl\/de\/#website\"},\"datePublished\":\"2025-03-29T14:09:11+00:00\",\"dateModified\":\"2025-07-09T19:08:52+00:00\",\"breadcrumb\":{\"@id\":\"https:\/\/studio-keizer.nl\/de\/kontakt\/#breadcrumb\"},\"inLanguage\":\"de\",\"potentialAction\":[{\"@type\":\"ReadAction\",\"target\":[\"https:\/\/studio-keizer.nl\/de\/kontakt\/\"]}]},{\"@type\":\"BreadcrumbList\",\"@id\":\"https:\/\/studio-keizer.nl\/de\/kontakt\/#breadcrumb\",\"itemListElement\":[{\"@type\":\"ListItem\",\"position\":1,\"name\":\"Home\",\"item\":\"https:\/\/studio-keizer.nl\/de\/home\/\"},{\"@type\":\"ListItem\",\"position\":2,\"name\":\"Kontakt\"}]},{\"@type\":\"WebSite\",\"@id\":\"https:\/\/studio-keizer.nl\/de\/#website\",\"url\":\"https:\/\/studio-keizer.nl\/de\/\",\"name\":\"Studio-Keizer\",\"description\":\"\",\"publisher\":{\"@id\":\"https:\/\/studio-keizer.nl\/de\/#organization\"},\"potentialAction\":[{\"@type\":\"SearchAction\",\"target\":{\"@type\":\"EntryPoint\",\"urlTemplate\":\"https:\/\/studio-keizer.nl\/de\/?s={search_term_string}\"},\"query-input\":{\"@type\":\"PropertyValueSpecification\",\"valueRequired\":true,\"valueName\":\"search_term_string\"}}],\"inLanguage\":\"de\"},{\"@type\":\"Organization\",\"@id\":\"https:\/\/studio-keizer.nl\/de\/#organization\",\"name\":\"Studio-Keizer\",\"url\":\"https:\/\/studio-keizer.nl\/de\/\",\"logo\":{\"@type\":\"ImageObject\",\"inLanguage\":\"de\",\"@id\":\"https:\/\/studio-keizer.nl\/de\/#\/schema\/logo\/image\/\",\"url\":\"https:\/\/studio-keizer.nl\/wp-content\/uploads\/2025\/03\/logo-studio-keizer-def-rond-01-1.png\",\"contentUrl\":\"https:\/\/studio-keizer.nl\/wp-content\/uploads\/2025\/03\/logo-studio-keizer-def-rond-01-1.png\",\"width\":543,\"height\":585,\"caption\":\"Studio-Keizer\"},\"image\":{\"@id\":\"https:\/\/studio-keizer.nl\/de\/#\/schema\/logo\/image\/\"}}]}<\/script>\n<!-- \/ Yoast SEO plugin. -->","yoast_head_json":{"title":"Kontakt - Bed & Breakfast Studio Keizer","robots":{"index":"index","follow":"follow","max-snippet":"max-snippet:-1","max-image-preview":"max-image-preview:large","max-video-preview":"max-video-preview:-1"},"canonical":"https:\/\/studio-keizer.nl\/de\/kontakt\/","og_locale":"de_DE","og_type":"article","og_title":"Kontakt - Bed & Breakfast Studio Keizer","og_description":"KontaktHaben Sie noch Fragen oder k\u00f6nnen wir Ihnen weiterhelfen? Dann k\u00f6nnen Sie uns \u00fcber die unten stehenden Kan\u00e4le oder \u00fcber das Kontaktformular erreichen.Studio-Keizer B&amp;B3841 AD, HarderwijkKontakt-Formular","og_url":"https:\/\/studio-keizer.nl\/de\/kontakt\/","og_site_name":"Studio-Keizer","article_modified_time":"2025-07-09T19:08:52+00:00","twitter_card":"summary_large_image","twitter_misc":{"Gesch\u00e4tzte Lesezeit":"9\u00a0Minuten"},"schema":{"@context":"https:\/\/schema.org","@graph":[{"@type":"WebPage","@id":"https:\/\/studio-keizer.nl\/de\/kontakt\/","url":"https:\/\/studio-keizer.nl\/de\/kontakt\/","name":"Kontakt - Bed & Breakfast Studio Keizer","isPartOf":{"@id":"https:\/\/studio-keizer.nl\/de\/#website"},"datePublished":"2025-03-29T14:09:11+00:00","dateModified":"2025-07-09T19:08:52+00:00","breadcrumb":{"@id":"https:\/\/studio-keizer.nl\/de\/kontakt\/#breadcrumb"},"inLanguage":"de","potentialAction":[{"@type":"ReadAction","target":["https:\/\/studio-keizer.nl\/de\/kontakt\/"]}]},{"@type":"BreadcrumbList","@id":"https:\/\/studio-keizer.nl\/de\/kontakt\/#breadcrumb","itemListElement":[{"@type":"ListItem","position":1,"name":"Home","item":"https:\/\/studio-keizer.nl\/de\/home\/"},{"@type":"ListItem","position":2,"name":"Kontakt"}]},{"@type":"WebSite","@id":"https:\/\/studio-keizer.nl\/de\/#website","url":"https:\/\/studio-keizer.nl\/de\/","name":"Studio-Keizer","description":"","publisher":{"@id":"https:\/\/studio-keizer.nl\/de\/#organization"},"potentialAction":[{"@type":"SearchAction","target":{"@type":"EntryPoint","urlTemplate":"https:\/\/studio-keizer.nl\/de\/?s={search_term_string}"},"query-input":{"@type":"PropertyValueSpecification","valueRequired":true,"valueName":"search_term_string"}}],"inLanguage":"de"},{"@type":"Organization","@id":"https:\/\/studio-keizer.nl\/de\/#organization","name":"Studio-Keizer","url":"https:\/\/studio-keizer.nl\/de\/","logo":{"@type":"ImageObject","inLanguage":"de","@id":"https:\/\/studio-keizer.nl\/de\/#\/schema\/logo\/image\/","url":"https:\/\/studio-keizer.nl\/wp-content\/uploads\/2025\/03\/logo-studio-keizer-def-rond-01-1.png","contentUrl":"https:\/\/studio-keizer.nl\/wp-content\/uploads\/2025\/03\/logo-studio-keizer-def-rond-01-1.png","width":543,"height":585,"caption":"Studio-Keizer"},"image":{"@id":"https:\/\/studio-keizer.nl\/de\/#\/schema\/logo\/image\/"}}]}},"_links":{"self":[{"href":"https:\/\/studio-keizer.nl\/de\/wp-json\/wp\/v2\/pages\/605","targetHints":{"allow":["GET"]}}],"collection":[{"href":"https:\/\/studio-keizer.nl\/de\/wp-json\/wp\/v2\/pages"}],"about":[{"href":"https:\/\/studio-keizer.nl\/de\/wp-json\/wp\/v2\/types\/page"}],"author":[{"embeddable":true,"href":"https:\/\/studio-keizer.nl\/de\/wp-json\/wp\/v2\/users\/1"}],"replies":[{"embeddable":true,"href":"https:\/\/studio-keizer.nl\/de\/wp-json\/wp\/v2\/comments?post=605"}],"version-history":[{"count":1,"href":"https:\/\/studio-keizer.nl\/de\/wp-json\/wp\/v2\/pages\/605\/revisions"}],"predecessor-version":[{"id":606,"href":"https:\/\/studio-keizer.nl\/de\/wp-json\/wp\/v2\/pages\/605\/revisions\/606"}],"wp:attachment":[{"href":"https:\/\/studio-keizer.nl\/de\/wp-json\/wp\/v2\/media?parent=605"}],"curies":[{"name":"wp","href":"https:\/\/api.w.org\/{rel}","templated":true}]}}